{"id":990,"date":"2024-08-07T09:43:46","date_gmt":"2024-08-07T07:43:46","guid":{"rendered":"https:\/\/tarnstoffe.com\/?post_type=product&#038;p=990"},"modified":"2025-04-30T09:17:05","modified_gmt":"2025-04-30T07:17:05","slug":"mil-tec-boonie-trilaminate-phantomleaf-wasp-tarnmuster-airsoft-paintball","status":"publish","type":"product","link":"https:\/\/tarnstoffe.com\/?product=mil-tec-boonie-trilaminate-phantomleaf-wasp-tarnmuster-airsoft-paintball","title":{"rendered":"Mil-Tec Boonie Trilaminate, Phantomleaf, Wasp Tarnmuster, Airsoft, Paintball"},"content":{"rendered":"<p><img loading=\"lazy\" decoding=\"async\" class=\"size-medium wp-image-1000 alignleft\" src=\"https:\/\/tarnstoffe.com\/wp-content\/uploads\/2024\/08\/Boonie-tri-z1B-300x300.jpg\" alt=\"\" width=\"300\" height=\"300\" srcset=\"https:\/\/tarnstoffe.com\/wp-content\/uploads\/2024\/08\/Boonie-tri-z1B-300x300.jpg 300w, https:\/\/tarnstoffe.com\/wp-content\/uploads\/2024\/08\/Boonie-tri-z1B-100x100.jpg 100w, https:\/\/tarnstoffe.com\/wp-content\/uploads\/2024\/08\/Boonie-tri-z1B-400x400.jpg 400w, https:\/\/tarnstoffe.com\/wp-content\/uploads\/2024\/08\/Boonie-tri-z1B-64x64.jpg 64w, https:\/\/tarnstoffe.com\/wp-content\/uploads\/2024\/08\/Boonie-tri-z1B-1024x1024.jpg 1024w, https:\/\/tarnstoffe.com\/wp-content\/uploads\/2024\/08\/Boonie-tri-z1B-150x150.jpg 150w, https:\/\/tarnstoffe.com\/wp-content\/uploads\/2024\/08\/Boonie-tri-z1B-768x768.jpg 768w, https:\/\/tarnstoffe.com\/wp-content\/uploads\/2024\/08\/Boonie-tri-z1B.jpg 1500w\" sizes=\"auto, (max-width: 300px) 100vw, 300px\" \/><\/p>\n<div>\n<p>Das Trilaminat-Material sorgt f\u00fcr besten Regenschutz und verhindert ein Durchdringen des Wassers.<\/p>\n<ul>\n<li>wasserabweisender, atmungsaktiver Dschungelhut<\/li>\n<li>patentiertes Tarnmuster f\u00fcr optimale Tarnung<\/li>\n<li>aus Trilaminat-Material<\/li>\n<li>verstellbarer Kinnriemen<\/li>\n<li>Bel\u00fcftungsl\u00f6cher an den Seiten<\/li>\n<li>gr\u00f6\u00dfenverstellbar durch Kordelstopper<\/li>\n<li>Molle-Schlaufen rund um den Boonie<\/li>\n<\/ul>\n<\/div>\n<div><\/div>\n<div><\/div>\n<div>Material: 3-Lagen-Laminat: 1. Lage: 100% Nylon, 2. Lage: atmungsaktive Polyurethan-Membran, 3. Lage: 100% Polyester<\/div>\n<p>Band: 100% Polyester<br \/>\nKordel: 65% Polyester, 35% Baumwolle<\/p>\n","protected":false},"excerpt":{"rendered":"<p>Das Trilaminat-Material sorgt f\u00fcr besten Regenschutz und verhindert ein Durchdringen des Wassers. wasserabweisender, atmungsaktiver Dschungelhut patentiertes Tarnmuster f\u00fcr optimale Tarnung aus Trilaminat-Material verstellbarer Kinnriemen Bel\u00fcftungsl\u00f6cher an den Seiten gr\u00f6\u00dfenverstellbar durch Kordelstopper Molle-Schlaufen rund um den Boonie Material: 3-Lagen-Laminat: 1. Lage: 100% Nylon, 2. Lage: atmungsaktive Polyurethan-Membran, 3. Lage: 100% Polyester Band: 100% Polyester Kordel: 65% [&hellip;]<\/p>\n","protected":false},"featured_media":1000,"comment_status":"open","ping_status":"closed","template":"","meta":{"site-container-style":"default","site-container-layout":"default","site-sidebar-layout":"default","site-transparent-header":"default","disable-article-header":"default","disable-site-header":"default","disable-site-footer":"default","disable-content-area-spacing":"default"},"product_brand":[],"product_cat":[251,176],"product_tag":[185,181],"class_list":{"0":"post-990","1":"product","2":"type-product","3":"status-publish","4":"has-post-thumbnail","6":"product_cat-kopfbedeckungen","7":"product_cat-mil-tec","8":"product_tag-adventure-equipement","9":"product_tag-mil-tec","10":"product_shipping_class-versandkosten","12":"first","13":"instock","14":"featured","15":"taxable","16":"shipping-taxable","17":"purchasable","18":"product-type-variable"},"_links":{"self":[{"href":"https:\/\/tarnstoffe.com\/index.php?rest_route=\/wp\/v2\/product\/990","targetHints":{"allow":["GET"]}}],"collection":[{"href":"https:\/\/tarnstoffe.com\/index.php?rest_route=\/wp\/v2\/product"}],"about":[{"href":"https:\/\/tarnstoffe.com\/index.php?rest_route=\/wp\/v2\/types\/product"}],"replies":[{"embeddable":true,"href":"https:\/\/tarnstoffe.com\/index.php?rest_route=%2Fwp%2Fv2%2Fcomments&post=990"}],"wp:featuredmedia":[{"embeddable":true,"href":"https:\/\/tarnstoffe.com\/index.php?rest_route=\/wp\/v2\/media\/1000"}],"wp:attachment":[{"href":"https:\/\/tarnstoffe.com\/index.php?rest_route=%2Fwp%2Fv2%2Fmedia&parent=990"}],"wp:term":[{"taxonomy":"product_brand","embeddable":true,"href":"https:\/\/tarnstoffe.com\/index.php?rest_route=%2Fwp%2Fv2%2Fproduct_brand&post=990"},{"taxonomy":"product_cat","embeddable":true,"href":"https:\/\/tarnstoffe.com\/index.php?rest_route=%2Fwp%2Fv2%2Fproduct_cat&post=990"},{"taxonomy":"product_tag","embeddable":true,"href":"https:\/\/tarnstoffe.com\/index.php?rest_route=%2Fwp%2Fv2%2Fproduct_tag&post=990"}],"curies":[{"name":"wp","href":"https:\/\/api.w.org\/{rel}","templated":true}]}}