{"id":970,"date":"2024-08-06T16:43:30","date_gmt":"2024-08-06T14:43:30","guid":{"rendered":"https:\/\/tarnstoffe.com\/?post_type=product&#038;p=970"},"modified":"2025-04-30T19:47:06","modified_gmt":"2025-04-30T17:47:06","slug":"mil-tec-molle-plattentraeger-weste-gen-ii-phantomleaf-wasp-tarnmuster","status":"publish","type":"product","link":"https:\/\/tarnstoffe.com\/?product=mil-tec-molle-plattentraeger-weste-gen-ii-phantomleaf-wasp-tarnmuster","title":{"rendered":"Mil-Tec Molle Plattentr\u00e4ger Weste Gen. II, Phantomleaf, Wasp Tarnmuster"},"content":{"rendered":"<p><img loading=\"lazy\" decoding=\"async\" class=\"size-medium wp-image-979 alignleft\" src=\"https:\/\/tarnstoffe.com\/wp-content\/uploads\/2024\/08\/Carrier-ZIB-280x300.png\" alt=\"\" width=\"280\" height=\"300\" srcset=\"https:\/\/tarnstoffe.com\/wp-content\/uploads\/2024\/08\/Carrier-ZIB-280x300.png 280w, https:\/\/tarnstoffe.com\/wp-content\/uploads\/2024\/08\/Carrier-ZIB-png-400x428.webp 400w, https:\/\/tarnstoffe.com\/wp-content\/uploads\/2024\/08\/Carrier-ZIB-png-64x69.webp 64w, https:\/\/tarnstoffe.com\/wp-content\/uploads\/2024\/08\/Carrier-ZIB-png.webp 647w\" sizes=\"auto, (max-width: 280px) 100vw, 280px\" \/><\/p>\n<div class=\"x-item-description-child\" data-marko-key=\"@container s0-14\" data-testid=\"x-item-description-child\">\n<p>Extrem robuster, modularer Plate Carrier aus Polyester,<\/p>\n<p>Front, R\u00fccken und an den Seiten des Plattentr\u00e4gers mit MOLLE-Schlaufen<\/p>\n<p>Drei integrierte Magazintaschen<\/p>\n<p>Kleines Front-Klettfach. Getarne Klettfl\u00e4chen zum Anbringen von Patches Klettschlaufen f\u00fcr Kabelmanagement.<\/p>\n<p>Passend f\u00fcr SAPI oder 25 x 30 cm Schutzplatten.<\/p>\n<p>Gewicht: ca. 1.160 g. Phantomleaf Tarnschema WASP I<\/p>\n<p>inklusive Dummy Platten<\/p>\n<h3><\/h3>\n<h5>100% Polyester mit Polyvinylchlorid Beschichtung<\/h5>\n<\/div>\n","protected":false},"excerpt":{"rendered":"<p>Extrem robuster, modularer Plate Carrier aus Polyester, Front, R\u00fccken und an den Seiten des Plattentr\u00e4gers mit MOLLE-Schlaufen Drei integrierte Magazintaschen Kleines Front-Klettfach. Getarne Klettfl\u00e4chen zum Anbringen von Patches Klettschlaufen f\u00fcr Kabelmanagement. Passend f\u00fcr SAPI oder 25 x 30 cm Schutzplatten. Gewicht: ca. 1.160 g. Phantomleaf Tarnschema WASP I inklusive Dummy Platten 100% Polyester mit Polyvinylchlorid [&hellip;]<\/p>\n","protected":false},"featured_media":979,"comment_status":"open","ping_status":"closed","template":"","meta":{"site-container-style":"default","site-container-layout":"default","site-sidebar-layout":"default","site-transparent-header":"default","disable-article-header":"default","disable-site-header":"default","disable-site-footer":"default","disable-content-area-spacing":"default"},"product_brand":[],"product_cat":[259,256,176],"product_tag":[185,181],"class_list":{"0":"post-970","1":"product","2":"type-product","3":"status-publish","4":"has-post-thumbnail","6":"product_cat-first-page-show","7":"product_cat-jacken","8":"product_cat-mil-tec","9":"product_tag-adventure-equipement","10":"product_tag-mil-tec","11":"product_shipping_class-versandkosten","13":"first","14":"instock","15":"featured","16":"taxable","17":"shipping-taxable","18":"purchasable","19":"product-type-variable"},"_links":{"self":[{"href":"https:\/\/tarnstoffe.com\/index.php?rest_route=\/wp\/v2\/product\/970","targetHints":{"allow":["GET"]}}],"collection":[{"href":"https:\/\/tarnstoffe.com\/index.php?rest_route=\/wp\/v2\/product"}],"about":[{"href":"https:\/\/tarnstoffe.com\/index.php?rest_route=\/wp\/v2\/types\/product"}],"replies":[{"embeddable":true,"href":"https:\/\/tarnstoffe.com\/index.php?rest_route=%2Fwp%2Fv2%2Fcomments&post=970"}],"wp:featuredmedia":[{"embeddable":true,"href":"https:\/\/tarnstoffe.com\/index.php?rest_route=\/wp\/v2\/media\/979"}],"wp:attachment":[{"href":"https:\/\/tarnstoffe.com\/index.php?rest_route=%2Fwp%2Fv2%2Fmedia&parent=970"}],"wp:term":[{"taxonomy":"product_brand","embeddable":true,"href":"https:\/\/tarnstoffe.com\/index.php?rest_route=%2Fwp%2Fv2%2Fproduct_brand&post=970"},{"taxonomy":"product_cat","embeddable":true,"href":"https:\/\/tarnstoffe.com\/index.php?rest_route=%2Fwp%2Fv2%2Fproduct_cat&post=970"},{"taxonomy":"product_tag","embeddable":true,"href":"https:\/\/tarnstoffe.com\/index.php?rest_route=%2Fwp%2Fv2%2Fproduct_tag&post=970"}],"curies":[{"name":"wp","href":"https:\/\/api.w.org\/{rel}","templated":true}]}}