{"id":72,"date":"2023-11-28T18:36:55","date_gmt":"2023-11-28T17:36:55","guid":{"rendered":"https:\/\/tarnstoffe.com\/?post_type=product&#038;p=72"},"modified":"2026-02-28T11:53:07","modified_gmt":"2026-02-28T10:53:07","slug":"cwc-twill-realtree-edge","status":"publish","type":"product","link":"https:\/\/tarnstoffe.com\/?product=cwc-twill-realtree-edge","title":{"rendered":"Twill &#8211; Realtree Edge\u00ae"},"content":{"rendered":"<p>&nbsp;<\/p>\n<p><img loading=\"lazy\" decoding=\"async\" class=\"size-medium wp-image-96 alignleft\" src=\"https:\/\/tarnstoffe.com\/wp-content\/uploads\/2023\/12\/tarnstoffe_-4-300x300.jpg\" alt=\"\" width=\"300\" height=\"300\" srcset=\"https:\/\/tarnstoffe.com\/wp-content\/uploads\/2023\/12\/tarnstoffe_-4-300x300.jpg 300w, https:\/\/tarnstoffe.com\/wp-content\/uploads\/2023\/12\/tarnstoffe_-4-100x100.jpg 100w, https:\/\/tarnstoffe.com\/wp-content\/uploads\/2023\/12\/tarnstoffe_-4-400x400.jpg 400w, https:\/\/tarnstoffe.com\/wp-content\/uploads\/2023\/12\/tarnstoffe_-4-64x64.jpg 64w, https:\/\/tarnstoffe.com\/wp-content\/uploads\/2023\/12\/tarnstoffe_-4-1024x1024.jpg 1024w, https:\/\/tarnstoffe.com\/wp-content\/uploads\/2023\/12\/tarnstoffe_-4-150x150.jpg 150w, https:\/\/tarnstoffe.com\/wp-content\/uploads\/2023\/12\/tarnstoffe_-4-768x768.jpg 768w, https:\/\/tarnstoffe.com\/wp-content\/uploads\/2023\/12\/tarnstoffe_-4-1320x1320.jpg 1320w, https:\/\/tarnstoffe.com\/wp-content\/uploads\/2023\/12\/tarnstoffe_-4.jpg 1441w\" sizes=\"auto, (max-width: 300px) 100vw, 300px\" \/><\/p>\n<p style=\"text-align: left;\">Einer der am meisten verwendeten Tarnstoffe auf dem Markt. Bestehend aus 60% Baumwolle und 40%Polyester ist er ger\u00e4uscharm beim Bewegen aber trotzdem stabil und hat einen Griff der an Wildleder erinnert.<br \/>\nMit der perfekten Mischung aus Baumwolle\/Baumwolle-Polyester kann er f\u00fcr unz\u00e4hlige Dinge verwendet werden. Hervorragend geeignet f\u00fcr Bekleidung, darunter Hosen, Hemden sowie Jacken.<br \/>\nAuch ist er geeeignet f\u00fcr Taschen, Rucks\u00e4cke, Beutel, Sitzbez\u00fcge, als Vorhang und alles andere was man sich vorstellen kann. Er eignet sich ebenfalls f\u00fcrs Quilten.<\/p>\n<p style=\"text-align: left;\">&#8211; Dieser Stoff liegt ca. 150cm breit und wir versenden in der L\u00e4nge die Sie bestellen.<br \/>\n&#8211; Der Stoff wird pro Meter verkauft.<br \/>\n&#8211; Bestellen Sie mehr als einen Meter dann wird es als fortlaufendes St\u00fcck versendet, es sei denn Sie m\u00f6chten es anders aufgeteilt.<\/p>\n<p style=\"text-align: left;\">Das Tarnmuster Realtree Xtra steht f\u00fcr noch mehr Tarneffektivit\u00e4t im Gebrauch. Dieses neue Tarnmuster t\u00e4uscht perfekt nahazu das ganze Jahr \u00fcber in einer Vielzahl von Hintergr\u00fcnden. Am allerbesten von Herbst \u00fcber Winter und \u00fcber den Fr\u00fchling bis vor den Zeitpunkt an dem es v\u00f6llig ergr\u00fcnt.<\/p>\n","protected":false},"excerpt":{"rendered":"<p>CWC Twill &#8211; Realtree Edge ca. 150cm Breite<\/p>\n","protected":false},"featured_media":95,"comment_status":"open","ping_status":"closed","template":"","meta":{"site-container-style":"default","site-container-layout":"default","site-sidebar-layout":"default","site-transparent-header":"default","disable-article-header":"default","disable-site-header":"default","disable-site-footer":"default","disable-content-area-spacing":"default"},"product_brand":[],"product_cat":[34,58],"product_tag":[72,156,201,202,198,71,39,205,203,204,181,84,134,36,193,194,200,199,35,197,133,37],"class_list":{"0":"post-72","1":"product","2":"type-product","3":"status-publish","4":"has-post-thumbnail","6":"product_cat-cwc-twill","7":"product_cat-realtree","8":"product_tag-500d","9":"product_tag-600d","10":"product_tag-camouflage","11":"product_tag-camouflage-meterware","12":"product_tag-civ-tec","13":"product_tag-cordura","14":"product_tag-edge","15":"product_tag-jersey-tarnmuster","16":"product_tag-jersey-tarnstoff","17":"product_tag-jersey-tarnstoffe","18":"product_tag-mil-tec","19":"product_tag-mossy-oak","20":"product_tag-phantomleaf","21":"product_tag-realtree","22":"product_tag-realtree-stoff","23":"product_tag-tarnstoff-meterware","24":"product_tag-tarnstoffe","25":"product_tag-tarnstoffe-meterware","26":"product_tag-twill","27":"product_tag-wasp","28":"product_tag-wasp-ii","29":"product_tag-xtra","30":"product_shipping_class-versandkosten","32":"first","33":"instock","34":"taxable","35":"shipping-taxable","36":"purchasable","37":"product-type-simple"},"_links":{"self":[{"href":"https:\/\/tarnstoffe.com\/index.php?rest_route=\/wp\/v2\/product\/72","targetHints":{"allow":["GET"]}}],"collection":[{"href":"https:\/\/tarnstoffe.com\/index.php?rest_route=\/wp\/v2\/product"}],"about":[{"href":"https:\/\/tarnstoffe.com\/index.php?rest_route=\/wp\/v2\/types\/product"}],"replies":[{"embeddable":true,"href":"https:\/\/tarnstoffe.com\/index.php?rest_route=%2Fwp%2Fv2%2Fcomments&post=72"}],"wp:featuredmedia":[{"embeddable":true,"href":"https:\/\/tarnstoffe.com\/index.php?rest_route=\/wp\/v2\/media\/95"}],"wp:attachment":[{"href":"https:\/\/tarnstoffe.com\/index.php?rest_route=%2Fwp%2Fv2%2Fmedia&parent=72"}],"wp:term":[{"taxonomy":"product_brand","embeddable":true,"href":"https:\/\/tarnstoffe.com\/index.php?rest_route=%2Fwp%2Fv2%2Fproduct_brand&post=72"},{"taxonomy":"product_cat","embeddable":true,"href":"https:\/\/tarnstoffe.com\/index.php?rest_route=%2Fwp%2Fv2%2Fproduct_cat&post=72"},{"taxonomy":"product_tag","embeddable":true,"href":"https:\/\/tarnstoffe.com\/index.php?rest_route=%2Fwp%2Fv2%2Fproduct_tag&post=72"}],"curies":[{"name":"wp","href":"https:\/\/api.w.org\/{rel}","templated":true}]}}