{"id":707,"date":"2024-04-30T17:27:23","date_gmt":"2024-04-30T15:27:23","guid":{"rendered":"https:\/\/tarnstoffe.com\/?post_type=product&#038;p=707"},"modified":"2024-12-22T15:29:00","modified_gmt":"2024-12-22T14:29:00","slug":"500d-cordurakryptekt-obscura-transitional","status":"publish","type":"product","link":"https:\/\/tarnstoffe.com\/?product=500d-cordurakryptekt-obscura-transitional","title":{"rendered":"500D Cordura\u00ae Nylon Kryptek\u00ae Obscura\u2122 Transitional\u2122"},"content":{"rendered":"<p><img loading=\"lazy\" decoding=\"async\" class=\"alignleft wp-image-726\" src=\"https:\/\/tarnstoffe.com\/wp-content\/uploads\/2024\/04\/Kryptek-obskura-png.webp\" alt=\"\" width=\"300\" height=\"300\" \/><img loading=\"lazy\" decoding=\"async\" class=\"alignnone size-full wp-image-143\" src=\"https:\/\/tarnstoffe.com\/wp-content\/uploads\/2023\/12\/made-in-usa.png\" alt=\"\" width=\"284\" height=\"70\" srcset=\"https:\/\/tarnstoffe.com\/wp-content\/uploads\/2023\/12\/made-in-usa.png 284w, https:\/\/tarnstoffe.com\/wp-content\/uploads\/2023\/12\/made-in-usa-64x16.png 64w\" sizes=\"auto, (max-width: 284px) 100vw, 284px\" \/><\/p>\n<p><strong>500D Cordura\u00ae Nylon Kryptekt\u00ae Obscura\u2122 Transitional\u2122<\/strong><\/p>\n<p>500D Cordura-Nylon ist ein strapazierf\u00e4higes Gewebe mit hoher Abriebfestigkeit, das sich perfekt f\u00fcr den Einsatz im Freien und f\u00fcr strapazierf\u00e4hige Ausr\u00fcstungsgegenst\u00e4nde eignet. Unser 500D-Cordura-Nylon verwendet texturierte Nylon 6,6-Garne f\u00fcr ein robustes Gef\u00fchl und ist mit einer 2-Pass-Polyurethan-Beschichtung und einem wasserabweisenden Mittel versehen. Perfekt f\u00fcr Ausr\u00fcstungstaschen, Rucks\u00e4cke, Sitzbez\u00fcge, Jagdjalousien und taktische\/Jagdausr\u00fcstung. Grunds\u00e4tzlich sollten Sie diesen Stoff in Betracht ziehen, wenn Sie etwas haben, das viel benutzt und verwendet wird.<\/p>\n<p>&#8211; Dieser Stoff liegt ca. 150cm breit und wir versenden in der L\u00e4nge die Sie bestellen.<br \/>\n&#8211; Der Stoff wird pro Meter verkauft.<br \/>\n&#8211; Bestellen Sie mehr als einen Meter dann wird es als fortlaufendes St\u00fcck versendet, es sei denn Sie m\u00f6chten es anders aufgeteilt.<\/p>\n<p>&nbsp;<\/p>\n","protected":false},"excerpt":{"rendered":"<p>500D Cordura\u00ae Nylon Kryptekt\u00ae Obscura\u2122 Transitional\u2122 500D Cordura-Nylon ist ein strapazierf\u00e4higes Gewebe mit hoher Abriebfestigkeit, das sich perfekt f\u00fcr den Einsatz im Freien und f\u00fcr strapazierf\u00e4hige Ausr\u00fcstungsgegenst\u00e4nde eignet. Unser 500D-Cordura-Nylon verwendet texturierte Nylon 6,6-Garne f\u00fcr ein robustes Gef\u00fchl und ist mit einer 2-Pass-Polyurethan-Beschichtung und einem wasserabweisenden Mittel versehen. Perfekt f\u00fcr Ausr\u00fcstungstaschen, Rucks\u00e4cke, Sitzbez\u00fcge, Jagdjalousien und [&hellip;]<\/p>\n","protected":false},"featured_media":726,"comment_status":"open","ping_status":"closed","template":"","meta":{"site-container-style":"default","site-container-layout":"default","site-sidebar-layout":"default","site-transparent-header":"default","disable-article-header":"default","disable-site-header":"default","disable-site-footer":"default","disable-content-area-spacing":"default"},"product_brand":[],"product_cat":[140,173,141,151],"product_tag":[72,156,201,202,198,71,205,181,84,134,36,193,194,200,152,197,133],"class_list":{"0":"post-707","1":"product","2":"type-product","3":"status-publish","4":"has-post-thumbnail","6":"product_cat-500d","7":"product_cat-cordura","8":"product_cat-kryptek","9":"product_cat-nylon","10":"product_tag-500d","11":"product_tag-600d","12":"product_tag-camouflage","13":"product_tag-camouflage-meterware","14":"product_tag-civ-tec","15":"product_tag-cordura","16":"product_tag-jersey-tarnmuster","17":"product_tag-mil-tec","18":"product_tag-mossy-oak","19":"product_tag-phantomleaf","20":"product_tag-realtree","21":"product_tag-realtree-stoff","22":"product_tag-tarnstoff-meterware","23":"product_tag-tarnstoffe","24":"product_tag-transitional","25":"product_tag-wasp","26":"product_tag-wasp-ii","27":"product_shipping_class-versandkosten","29":"first","30":"instock","31":"taxable","32":"shipping-taxable","33":"purchasable","34":"product-type-simple"},"_links":{"self":[{"href":"https:\/\/tarnstoffe.com\/index.php?rest_route=\/wp\/v2\/product\/707","targetHints":{"allow":["GET"]}}],"collection":[{"href":"https:\/\/tarnstoffe.com\/index.php?rest_route=\/wp\/v2\/product"}],"about":[{"href":"https:\/\/tarnstoffe.com\/index.php?rest_route=\/wp\/v2\/types\/product"}],"replies":[{"embeddable":true,"href":"https:\/\/tarnstoffe.com\/index.php?rest_route=%2Fwp%2Fv2%2Fcomments&post=707"}],"wp:featuredmedia":[{"embeddable":true,"href":"https:\/\/tarnstoffe.com\/index.php?rest_route=\/wp\/v2\/media\/726"}],"wp:attachment":[{"href":"https:\/\/tarnstoffe.com\/index.php?rest_route=%2Fwp%2Fv2%2Fmedia&parent=707"}],"wp:term":[{"taxonomy":"product_brand","embeddable":true,"href":"https:\/\/tarnstoffe.com\/index.php?rest_route=%2Fwp%2Fv2%2Fproduct_brand&post=707"},{"taxonomy":"product_cat","embeddable":true,"href":"https:\/\/tarnstoffe.com\/index.php?rest_route=%2Fwp%2Fv2%2Fproduct_cat&post=707"},{"taxonomy":"product_tag","embeddable":true,"href":"https:\/\/tarnstoffe.com\/index.php?rest_route=%2Fwp%2Fv2%2Fproduct_tag&post=707"}],"curies":[{"name":"wp","href":"https:\/\/api.w.org\/{rel}","templated":true}]}}