{"id":694,"date":"2024-04-29T14:32:57","date_gmt":"2024-04-29T12:32:57","guid":{"rendered":"https:\/\/tarnstoffe.com\/?post_type=product&#038;p=694"},"modified":"2025-05-01T14:49:48","modified_gmt":"2025-05-01T12:49:48","slug":"fleece-realtree-ap","status":"publish","type":"product","link":"https:\/\/tarnstoffe.com\/?product=fleece-realtree-ap","title":{"rendered":"Fleece &#8211; Realtree AP"},"content":{"rendered":"<p><img loading=\"lazy\" decoding=\"async\" class=\"size-medium wp-image-739 alignleft\" src=\"https:\/\/tarnstoffe.com\/wp-content\/uploads\/2024\/04\/Fleece-Realtree-AP-300x300.jpg\" alt=\"\" width=\"300\" height=\"300\" srcset=\"https:\/\/tarnstoffe.com\/wp-content\/uploads\/2024\/04\/Fleece-Realtree-AP-300x300.jpg 300w, https:\/\/tarnstoffe.com\/wp-content\/uploads\/2024\/04\/Fleece-Realtree-AP-100x100.jpg 100w, https:\/\/tarnstoffe.com\/wp-content\/uploads\/2024\/04\/Fleece-Realtree-AP-400x400.jpg 400w, https:\/\/tarnstoffe.com\/wp-content\/uploads\/2024\/04\/Fleece-Realtree-AP-64x64.jpg 64w, https:\/\/tarnstoffe.com\/wp-content\/uploads\/2024\/04\/Fleece-Realtree-AP-150x150.jpg 150w, https:\/\/tarnstoffe.com\/wp-content\/uploads\/2024\/04\/Fleece-Realtree-AP-768x768.jpg 768w, https:\/\/tarnstoffe.com\/wp-content\/uploads\/2024\/04\/Fleece-Realtree-AP.jpg 945w\" sizes=\"auto, (max-width: 300px) 100vw, 300px\" \/><\/p>\n<p>&nbsp;<\/p>\n<p>Weich und fluffig mit hohem Floor auf beiden Seiten kommt dieser polarstyle-Fleece auf ca.350g<br \/>\nDer perfekte Stoff um f\u00fcr kalte Tage Sachen daraus zu n\u00e4hen oder mit ihm zu F\u00fcttern.<br \/>\nDie Familie freut sich vermutlich, wenn sie aus diesem w\u00e4rmenden Stoff eine Decke bekommt ob f\u00fcr das Stadion oder den n\u00e4chst anstehenden Ansitz.<\/p>\n<p>&#8211; Dieser Stoff liegt ca. 150cm breit und wir versenden in der L\u00e4nge die Sie bestellen.<br \/>\n&#8211; Der Stoff wird pro Meter verkauft.<br \/>\n&#8211; Bestellen Sie mehr als einen Meter dann wird es als fortlaufendes St\u00fcck versendet, es sei denn Sie m\u00f6chten es anders aufgeteilt.<\/p>\n","protected":false},"excerpt":{"rendered":"<p>&nbsp; Weich und fluffig mit hohem Floor auf beiden Seiten kommt dieser polarstyle-Fleece auf ca.350g Der perfekte Stoff um f\u00fcr kalte Tage Sachen daraus zu n\u00e4hen oder mit ihm zu F\u00fcttern. Die Familie freut sich vermutlich, wenn sie aus diesem w\u00e4rmenden Stoff eine Decke bekommt ob f\u00fcr das Stadion oder den n\u00e4chst anstehenden Ansitz. &#8211; [&hellip;]<\/p>\n","protected":false},"featured_media":739,"comment_status":"open","ping_status":"closed","template":"","meta":{"site-container-style":"default","site-container-layout":"default","site-sidebar-layout":"default","site-transparent-header":"default","disable-article-header":"default","disable-site-header":"default","disable-site-footer":"default","disable-content-area-spacing":"default"},"product_brand":[],"product_cat":[45,58],"product_tag":[72,156,201,202,198,71,46,50,205,203,204,181,84,134,161,36,193,194,200,199,197,133],"class_list":{"0":"post-694","1":"product","2":"type-product","3":"status-publish","4":"has-post-thumbnail","6":"product_cat-fleece","7":"product_cat-realtree","8":"product_tag-500d","9":"product_tag-600d","10":"product_tag-camouflage","11":"product_tag-camouflage-meterware","12":"product_tag-civ-tec","13":"product_tag-cordura","14":"product_tag-fleece","15":"product_tag-hochfloor","16":"product_tag-jersey-tarnmuster","17":"product_tag-jersey-tarnstoff","18":"product_tag-jersey-tarnstoffe","19":"product_tag-mil-tec","20":"product_tag-mossy-oak","21":"product_tag-phantomleaf","22":"product_tag-polarfleece","23":"product_tag-realtree","24":"product_tag-realtree-stoff","25":"product_tag-tarnstoff-meterware","26":"product_tag-tarnstoffe","27":"product_tag-tarnstoffe-meterware","28":"product_tag-wasp","29":"product_tag-wasp-ii","30":"product_shipping_class-versandkosten","32":"first","33":"instock","34":"taxable","35":"shipping-taxable","36":"purchasable","37":"product-type-simple"},"_links":{"self":[{"href":"https:\/\/tarnstoffe.com\/index.php?rest_route=\/wp\/v2\/product\/694","targetHints":{"allow":["GET"]}}],"collection":[{"href":"https:\/\/tarnstoffe.com\/index.php?rest_route=\/wp\/v2\/product"}],"about":[{"href":"https:\/\/tarnstoffe.com\/index.php?rest_route=\/wp\/v2\/types\/product"}],"replies":[{"embeddable":true,"href":"https:\/\/tarnstoffe.com\/index.php?rest_route=%2Fwp%2Fv2%2Fcomments&post=694"}],"wp:featuredmedia":[{"embeddable":true,"href":"https:\/\/tarnstoffe.com\/index.php?rest_route=\/wp\/v2\/media\/739"}],"wp:attachment":[{"href":"https:\/\/tarnstoffe.com\/index.php?rest_route=%2Fwp%2Fv2%2Fmedia&parent=694"}],"wp:term":[{"taxonomy":"product_brand","embeddable":true,"href":"https:\/\/tarnstoffe.com\/index.php?rest_route=%2Fwp%2Fv2%2Fproduct_brand&post=694"},{"taxonomy":"product_cat","embeddable":true,"href":"https:\/\/tarnstoffe.com\/index.php?rest_route=%2Fwp%2Fv2%2Fproduct_cat&post=694"},{"taxonomy":"product_tag","embeddable":true,"href":"https:\/\/tarnstoffe.com\/index.php?rest_route=%2Fwp%2Fv2%2Fproduct_tag&post=694"}],"curies":[{"name":"wp","href":"https:\/\/api.w.org\/{rel}","templated":true}]}}