{"id":655,"date":"2024-04-17T19:02:34","date_gmt":"2024-04-17T17:02:34","guid":{"rendered":"https:\/\/tarnstoffe.com\/?post_type=product&#038;p=655"},"modified":"2025-04-20T16:06:44","modified_gmt":"2025-04-20T14:06:44","slug":"twill-mo-obsession","status":"publish","type":"product","link":"https:\/\/tarnstoffe.com\/?product=twill-mo-obsession","title":{"rendered":"Twill &#8211; MO Obsession"},"content":{"rendered":"<h3><img loading=\"lazy\" decoding=\"async\" class=\"size-medium wp-image-738 alignleft\" src=\"https:\/\/tarnstoffe.com\/wp-content\/uploads\/2024\/04\/TwillMOObsession-300x300.jpg\" alt=\"\" width=\"300\" height=\"300\" srcset=\"https:\/\/tarnstoffe.com\/wp-content\/uploads\/2024\/04\/TwillMOObsession-300x300.jpg 300w, https:\/\/tarnstoffe.com\/wp-content\/uploads\/2024\/04\/TwillMOObsession-100x100.webp 100w, https:\/\/tarnstoffe.com\/wp-content\/uploads\/2024\/04\/TwillMOObsession-400x400.webp 400w, https:\/\/tarnstoffe.com\/wp-content\/uploads\/2024\/04\/TwillMOObsession-64x64.webp 64w, https:\/\/tarnstoffe.com\/wp-content\/uploads\/2024\/04\/TwillMOObsession-150x150.jpg 150w, https:\/\/tarnstoffe.com\/wp-content\/uploads\/2024\/04\/TwillMOObsession-768x768.jpg 768w, https:\/\/tarnstoffe.com\/wp-content\/uploads\/2024\/04\/TwillMOObsession.webp 945w\" sizes=\"auto, (max-width: 300px) 100vw, 300px\" \/>Twill Mossy Oak Obsession NWTF<\/h3>\n<p>Einer der am meisten verwendeten Tarnstoffe auf dem Markt. Bestehend aus 60% Baumwolle und 40%Polyester ist er ger\u00e4uscharm beim Bewegen aber trotzdem stabil und hat einen Griff der an Wildleder erinnert.<br \/>\nMit der perfekten Mischung aus Baumwolle\/Baumwolle-Polyester kann er f\u00fcr unz\u00e4hlige Dinge verwendet werden. Hervorragend geeignet f\u00fcr Bekleidung, darunter Hosen, Hemden sowie Jacken.<br \/>\nAuch ist er geeeignet f\u00fcr Taschen, Rucks\u00e4cke, Beutel, Sitzbez\u00fcge, als Vorhang und alles andere was man sich vorstellen kann. Er eignet sich ebenfalls f\u00fcrs Quilten.<\/p>\n<p>&#8211; Dieser Stoff liegt ca. 150cm breit und wir versenden in der L\u00e4nge die Sie bestellen.<br \/>\n&#8211; Der Stoff wird pro Meter verkauft.<br \/>\n&#8211; Bestellen Sie mehr als einen Meter dann wird es als fortlaufendes St\u00fcck versendet, es sei denn Sie m\u00f6chten es anders aufgeteilt.<\/p>\n<p>Das komplett \u00fcberarbeitete Tarnmuster Mossy Oak Break Up\u00ae stellt sich als gr\u00f6\u00dfte Neuerung auf dem Markt der Tarnmuster heraus. Der computerverbesserte-realistische Rinden-Hintergrund in Verbindung mit dem neuen Break-Up Design f\u00fchren zu einem beispielhaften Zusammenwirken von Textur und Tiefe die bisher noch nicht auf einem Stoff gedruckt wurde. Mit Hinzuf\u00fcgen von weichen, grauen Eichen\u00e4sten und tiefen Schatten f\u00fcr noch intensivere 3D Illusion wird der nat\u00fcrliche Kontrast der W\u00e4lder auf diesem au\u00dfergew\u00f6hnlichem Muster zum Leben erweckt.<\/p>\n<p>Mossy Oak<\/p>\n<p>Obsession bietet die gleichen bew\u00e4hrten Effektivit\u00e4tsmerkmale wie New Break-Up, basiert aber auf einem helleren digitalisierten Hintergrund, der vielseitigere \u00dcberblendungseigenschaften in einer gr\u00f6\u00dferen Vielfalt von Wald- und Nicht-Wald-Umgebungen erm\u00f6glicht. Das Obsession-Muster verwendet eine einzigartige Kombination aus bew\u00e4hrten Mossy Oak-Elementen, wie den gleichen realistischen \u00c4sten und Schatten, die auch in New Break-Up verwendet werden, und neuen, sorgf\u00e4ltig ausgew\u00e4hlten Elementen in Herbstt\u00f6nen, gemischt mit strategisch platzierten gr\u00fcnen Bl\u00e4ttern und Ranken. Das Ergebnis ist ein Muster, das sich sowohl geografisch als auch saisonal vielseitig einsetzen l\u00e4sst. Seien Sie versichert, dass es genug getestet wurde!<br \/>\nMossy Oak Obsession. Ganz nat\u00fcrlich. All Year\u2122.<\/p>\n","protected":false},"excerpt":{"rendered":"<p>Twill Mossy Oak Obsession NWTF Einer der am meisten verwendeten Tarnstoffe auf dem Markt. Bestehend aus 60% Baumwolle und 40%Polyester ist er ger\u00e4uscharm beim Bewegen aber trotzdem stabil und hat einen Griff der an Wildleder erinnert. Mit der perfekten Mischung aus Baumwolle\/Baumwolle-Polyester kann er f\u00fcr unz\u00e4hlige Dinge verwendet werden. Hervorragend geeignet f\u00fcr Bekleidung, darunter Hosen, [&hellip;]<\/p>\n","protected":false},"featured_media":738,"comment_status":"open","ping_status":"closed","template":"","meta":{"site-container-style":"default","site-container-layout":"default","site-sidebar-layout":"default","site-transparent-header":"default","disable-article-header":"default","disable-site-header":"default","disable-site-footer":"default","disable-content-area-spacing":"default"},"product_brand":[],"product_cat":[34,56,146],"product_tag":[72,156,201,202,198,71,205,203,204,181,84,159,160,134,36,193,194,200,199,197,133],"class_list":{"0":"post-655","1":"product","2":"type-product","3":"status-publish","4":"has-post-thumbnail","6":"product_cat-cwc-twill","7":"product_cat-mossy-oak","8":"product_cat-mossy-oak-obsession-nwtf","9":"product_tag-500d","10":"product_tag-600d","11":"product_tag-camouflage","12":"product_tag-camouflage-meterware","13":"product_tag-civ-tec","14":"product_tag-cordura","15":"product_tag-jersey-tarnmuster","16":"product_tag-jersey-tarnstoff","17":"product_tag-jersey-tarnstoffe","18":"product_tag-mil-tec","19":"product_tag-mossy-oak","20":"product_tag-nwtf","21":"product_tag-obsession","22":"product_tag-phantomleaf","23":"product_tag-realtree","24":"product_tag-realtree-stoff","25":"product_tag-tarnstoff-meterware","26":"product_tag-tarnstoffe","27":"product_tag-tarnstoffe-meterware","28":"product_tag-wasp","29":"product_tag-wasp-ii","30":"product_shipping_class-versandkosten","32":"first","33":"instock","34":"taxable","35":"shipping-taxable","36":"purchasable","37":"product-type-simple"},"_links":{"self":[{"href":"https:\/\/tarnstoffe.com\/index.php?rest_route=\/wp\/v2\/product\/655","targetHints":{"allow":["GET"]}}],"collection":[{"href":"https:\/\/tarnstoffe.com\/index.php?rest_route=\/wp\/v2\/product"}],"about":[{"href":"https:\/\/tarnstoffe.com\/index.php?rest_route=\/wp\/v2\/types\/product"}],"replies":[{"embeddable":true,"href":"https:\/\/tarnstoffe.com\/index.php?rest_route=%2Fwp%2Fv2%2Fcomments&post=655"}],"wp:featuredmedia":[{"embeddable":true,"href":"https:\/\/tarnstoffe.com\/index.php?rest_route=\/wp\/v2\/media\/738"}],"wp:attachment":[{"href":"https:\/\/tarnstoffe.com\/index.php?rest_route=%2Fwp%2Fv2%2Fmedia&parent=655"}],"wp:term":[{"taxonomy":"product_brand","embeddable":true,"href":"https:\/\/tarnstoffe.com\/index.php?rest_route=%2Fwp%2Fv2%2Fproduct_brand&post=655"},{"taxonomy":"product_cat","embeddable":true,"href":"https:\/\/tarnstoffe.com\/index.php?rest_route=%2Fwp%2Fv2%2Fproduct_cat&post=655"},{"taxonomy":"product_tag","embeddable":true,"href":"https:\/\/tarnstoffe.com\/index.php?rest_route=%2Fwp%2Fv2%2Fproduct_tag&post=655"}],"curies":[{"name":"wp","href":"https:\/\/api.w.org\/{rel}","templated":true}]}}