{"id":639,"date":"2024-04-14T16:23:37","date_gmt":"2024-04-14T14:23:37","guid":{"rendered":"https:\/\/tarnstoffe.com\/?post_type=product&#038;p=639"},"modified":"2024-11-16T10:23:09","modified_gmt":"2024-11-16T09:23:09","slug":"500d-kryptek","status":"publish","type":"product","link":"https:\/\/tarnstoffe.com\/?product=500d-kryptek","title":{"rendered":"500D Cordura\u00aeAltitude\u2122"},"content":{"rendered":"<p><img loading=\"lazy\" decoding=\"async\" class=\"size-medium wp-image-725 alignleft\" src=\"https:\/\/tarnstoffe.com\/wp-content\/uploads\/2024\/04\/Kryptek-Altitide-300x300.png\" alt=\"\" width=\"300\" height=\"300\" srcset=\"https:\/\/tarnstoffe.com\/wp-content\/uploads\/2024\/04\/Kryptek-Altitide-300x300.png 300w, https:\/\/tarnstoffe.com\/wp-content\/uploads\/2024\/04\/Kryptek-Altitide-png-100x100.webp 100w, https:\/\/tarnstoffe.com\/wp-content\/uploads\/2024\/04\/Kryptek-Altitide-png-400x400.webp 400w, https:\/\/tarnstoffe.com\/wp-content\/uploads\/2024\/04\/Kryptek-Altitide-png-64x64.webp 64w, https:\/\/tarnstoffe.com\/wp-content\/uploads\/2024\/04\/Kryptek-Altitide-150x150.png 150w, https:\/\/tarnstoffe.com\/wp-content\/uploads\/2024\/04\/Kryptek-Altitide-768x768.png 768w, https:\/\/tarnstoffe.com\/wp-content\/uploads\/2024\/04\/Kryptek-Altitide-png.webp 945w\" sizes=\"auto, (max-width: 300px) 100vw, 300px\" \/><img loading=\"lazy\" decoding=\"async\" class=\"wp-image-143 aligncenter\" src=\"https:\/\/tarnstoffe.com\/wp-content\/uploads\/2023\/12\/made-in-usa.png\" alt=\"\" width=\"170\" height=\"42\" srcset=\"https:\/\/tarnstoffe.com\/wp-content\/uploads\/2023\/12\/made-in-usa.png 284w, https:\/\/tarnstoffe.com\/wp-content\/uploads\/2023\/12\/made-in-usa-64x16.png 64w\" sizes=\"auto, (max-width: 170px) 100vw, 170px\" \/><\/p>\n<p>500D Cordura\u00aeKryptekt\u00ae Altitude\u2122<\/p>\n<p>500D Cordura-Nylon ist ein strapazierf\u00e4higes Gewebe mit hoher Abriebfestigkeit, das sich perfekt f\u00fcr den Einsatz im Freien und f\u00fcr strapazierf\u00e4hige Ausr\u00fcstungsgegenst\u00e4nde eignet. Unser 500D-Cordura-Nylon verwendet texturierte Nylon 6,6-Garne f\u00fcr ein robustes Gef\u00fchl und ist mit einer 2-Pass-Polyurethan-Beschichtung und einem wasserabweisenden Mittel versehen. Perfekt f\u00fcr Ausr\u00fcstungstaschen, Rucks\u00e4cke, Sitzbez\u00fcge, Jagdjalousien und taktische\/Jagdausr\u00fcstung. Grunds\u00e4tzlich sollten Sie diesen Stoff in Betracht ziehen, wenn Sie etwas haben, das viel benutzt und verwendet wird.<\/p>\n<p>&#8211; Dieser Stoff liegt ca. 150cm breit und wir versenden in der L\u00e4nge die Sie bestellen.<br \/>\n&#8211; Der Stoff wird pro Meter verkauft.<br \/>\n&#8211; Bestellen Sie mehr als einen Meter dann wird es als fortlaufendes St\u00fcck versendet, es sei denn Sie m\u00f6chten es anders aufgeteilt.<\/p>\n","protected":false},"excerpt":{"rendered":"<p>500D Cordura\u00aeKryptekt\u00ae Altitude\u2122 500D Cordura-Nylon ist ein strapazierf\u00e4higes Gewebe mit hoher Abriebfestigkeit, das sich perfekt f\u00fcr den Einsatz im Freien und f\u00fcr strapazierf\u00e4hige Ausr\u00fcstungsgegenst\u00e4nde eignet. Unser 500D-Cordura-Nylon verwendet texturierte Nylon 6,6-Garne f\u00fcr ein robustes Gef\u00fchl und ist mit einer 2-Pass-Polyurethan-Beschichtung und einem wasserabweisenden Mittel versehen. Perfekt f\u00fcr Ausr\u00fcstungstaschen, Rucks\u00e4cke, Sitzbez\u00fcge, Jagdjalousien und taktische\/Jagdausr\u00fcstung. Grunds\u00e4tzlich sollten [&hellip;]<\/p>\n","protected":false},"featured_media":725,"comment_status":"open","ping_status":"closed","template":"","meta":{"site-container-style":"default","site-container-layout":"default","site-sidebar-layout":"default","site-transparent-header":"default","disable-article-header":"default","disable-site-header":"default","disable-site-footer":"default","disable-content-area-spacing":"default"},"product_brand":[],"product_cat":[140,141,151],"product_tag":[72,156,153,201,202,198,71,205,203,204,181,84,134,36,193,194,200,199,197,133],"class_list":{"0":"post-639","1":"product","2":"type-product","3":"status-publish","4":"has-post-thumbnail","6":"product_cat-500d","7":"product_cat-kryptek","8":"product_cat-nylon","9":"product_tag-500d","10":"product_tag-600d","11":"product_tag-altitude","12":"product_tag-camouflage","13":"product_tag-camouflage-meterware","14":"product_tag-civ-tec","15":"product_tag-cordura","16":"product_tag-jersey-tarnmuster","17":"product_tag-jersey-tarnstoff","18":"product_tag-jersey-tarnstoffe","19":"product_tag-mil-tec","20":"product_tag-mossy-oak","21":"product_tag-phantomleaf","22":"product_tag-realtree","23":"product_tag-realtree-stoff","24":"product_tag-tarnstoff-meterware","25":"product_tag-tarnstoffe","26":"product_tag-tarnstoffe-meterware","27":"product_tag-wasp","28":"product_tag-wasp-ii","29":"product_shipping_class-versandkosten","31":"first","32":"instock","33":"taxable","34":"shipping-taxable","35":"purchasable","36":"product-type-simple"},"_links":{"self":[{"href":"https:\/\/tarnstoffe.com\/index.php?rest_route=\/wp\/v2\/product\/639","targetHints":{"allow":["GET"]}}],"collection":[{"href":"https:\/\/tarnstoffe.com\/index.php?rest_route=\/wp\/v2\/product"}],"about":[{"href":"https:\/\/tarnstoffe.com\/index.php?rest_route=\/wp\/v2\/types\/product"}],"replies":[{"embeddable":true,"href":"https:\/\/tarnstoffe.com\/index.php?rest_route=%2Fwp%2Fv2%2Fcomments&post=639"}],"wp:featuredmedia":[{"embeddable":true,"href":"https:\/\/tarnstoffe.com\/index.php?rest_route=\/wp\/v2\/media\/725"}],"wp:attachment":[{"href":"https:\/\/tarnstoffe.com\/index.php?rest_route=%2Fwp%2Fv2%2Fmedia&parent=639"}],"wp:term":[{"taxonomy":"product_brand","embeddable":true,"href":"https:\/\/tarnstoffe.com\/index.php?rest_route=%2Fwp%2Fv2%2Fproduct_brand&post=639"},{"taxonomy":"product_cat","embeddable":true,"href":"https:\/\/tarnstoffe.com\/index.php?rest_route=%2Fwp%2Fv2%2Fproduct_cat&post=639"},{"taxonomy":"product_tag","embeddable":true,"href":"https:\/\/tarnstoffe.com\/index.php?rest_route=%2Fwp%2Fv2%2Fproduct_tag&post=639"}],"curies":[{"name":"wp","href":"https:\/\/api.w.org\/{rel}","templated":true}]}}