{"id":561,"date":"2024-04-13T12:45:38","date_gmt":"2024-04-13T10:45:38","guid":{"rendered":"https:\/\/tarnstoffe.com\/?post_type=product&#038;p=561"},"modified":"2026-02-28T11:53:07","modified_gmt":"2026-02-28T10:53:07","slug":"wasp-ii-phantomleaf-nyco-stretch-190","status":"publish","type":"product","link":"https:\/\/tarnstoffe.com\/?product=wasp-ii-phantomleaf-nyco-stretch-190","title":{"rendered":"WASP II Phantomleaf\u00ae Nyco RipStop"},"content":{"rendered":"<p><img loading=\"lazy\" decoding=\"async\" class=\"size-medium wp-image-570 alignleft\" src=\"https:\/\/tarnstoffe.com\/wp-content\/uploads\/2024\/04\/wasp_ii_z3a-300x300.jpg\" alt=\"\" width=\"300\" height=\"300\" srcset=\"https:\/\/tarnstoffe.com\/wp-content\/uploads\/2024\/04\/wasp_ii_z3a-300x300.jpg 300w, https:\/\/tarnstoffe.com\/wp-content\/uploads\/2024\/04\/wasp_ii_z3a-100x100.webp 100w, https:\/\/tarnstoffe.com\/wp-content\/uploads\/2024\/04\/wasp_ii_z3a-400x400.webp 400w, https:\/\/tarnstoffe.com\/wp-content\/uploads\/2024\/04\/wasp_ii_z3a-64x64.webp 64w, https:\/\/tarnstoffe.com\/wp-content\/uploads\/2024\/04\/wasp_ii_z3a-150x150.jpg 150w, https:\/\/tarnstoffe.com\/wp-content\/uploads\/2024\/04\/wasp_ii_z3a.webp 591w\" sizes=\"auto, (max-width: 300px) 100vw, 300px\" \/> Phantomleaf\u00ae WASP II Milit\u00e4rtechnologie mit Infrarot(IR)-Schutz\u00a0 &#8211; \u00a0 <span style=\"color: #993300;\"><strong>verf\u00fcgbar f\u00fcr Alle!<\/strong><\/span><\/p>\n<p>Zusammensetzung: (50%Polyamid\/46%Cotton\/4%Elastan) 190g\/m\u00b2 Breite 150cm &#8211; (Tipp:\u00a0 die 4%Elastan werden kaum wahrgenommen)<\/p>\n<p>Produkte werden exklusiv und vertraulich an befreundete NATO-Beh\u00f6rden im Bereich der Strafverfolgungbeh\u00f6rden und Streitkr\u00e4fte (<span style=\"color: #ffffff;\"><strong>L<\/strong><\/span>aw <span style=\"color: #ffffff;\"><strong>E<\/strong><\/span>nforcement and <span style=\"color: #ffffff;\"><strong>A<\/strong><\/span>rmed <span style=\"color: #ffffff;\"><strong>F<\/strong><\/span>orces [<span style=\"color: #ffffff;\">LEAF<\/span>] geliefert.<\/p>\n<p>In diesen Bereichen haben sich die Technologie und ihr systemischer Ansatz in der Praxis mehrfach bew\u00e4hrt.<br \/>\nF\u00fcr den kommerziellen Markt bietet PHANTOMLEAF\u00ae sein WASP II Tarnmuster in sieben Farbvarianten Z1a, Z1b, Z2, Z3a, Z3b, Z4 und BLK.2 an, wovon derzeit einzig Z3A, Z1B sowie Z2 lieferbar sind.<\/p>\n<p>Dieses kommerzielle Muster beinhaltet alle Vorteile der PHANTOMLEAF\u00ae Technologie und kombiniert einen exklusiven Look mit einer beeindruckenden Tarnqualit\u00e4t.<\/p>\n<p>&nbsp;<\/p>\n<p>&nbsp;<\/p>\n","protected":false},"excerpt":{"rendered":"<p>Phantomleaf\u00ae WASP II Milit\u00e4rtechnologie mit Infrarot(IR)-Schutz\u00a0 &#8211; \u00a0 verf\u00fcgbar f\u00fcr Alle! Zusammensetzung: (50%Polyamid\/46%Cotton\/4%Elastan) 190g\/m\u00b2 Breite 150cm &#8211; (Tipp:\u00a0 die 4%Elastan werden kaum wahrgenommen) Produkte werden exklusiv und vertraulich an befreundete NATO-Beh\u00f6rden im Bereich der Strafverfolgungbeh\u00f6rden und Streitkr\u00e4fte (Law Enforcement and Armed Forces [LEAF] geliefert. In diesen Bereichen haben sich die Technologie und ihr systemischer Ansatz [&hellip;]<\/p>\n","protected":false},"featured_media":740,"comment_status":"open","ping_status":"closed","template":"","meta":{"site-container-style":"default","site-container-layout":"default","site-sidebar-layout":"default","site-transparent-header":"default","disable-article-header":"default","disable-site-header":"default","disable-site-footer":"default","disable-content-area-spacing":"default"},"product_brand":[],"product_cat":[123,132,129,130,131],"product_tag":[72,156,201,202,198,71,205,203,204,181,84,134,36,193,194,200,199,197,133,137,135,136],"class_list":{"0":"post-561","1":"product","2":"type-product","3":"status-publish","4":"has-post-thumbnail","6":"product_cat-phantomleaf","7":"product_cat-wasp-ii","8":"product_cat-wasp-ii-z1b","9":"product_cat-wasp-ii-z2","10":"product_cat-wasp-ii-z3a","11":"product_tag-500d","12":"product_tag-600d","13":"product_tag-camouflage","14":"product_tag-camouflage-meterware","15":"product_tag-civ-tec","16":"product_tag-cordura","17":"product_tag-jersey-tarnmuster","18":"product_tag-jersey-tarnstoff","19":"product_tag-jersey-tarnstoffe","20":"product_tag-mil-tec","21":"product_tag-mossy-oak","22":"product_tag-phantomleaf","23":"product_tag-realtree","24":"product_tag-realtree-stoff","25":"product_tag-tarnstoff-meterware","26":"product_tag-tarnstoffe","27":"product_tag-tarnstoffe-meterware","28":"product_tag-wasp","29":"product_tag-wasp-ii","30":"product_tag-wasp-ii-z1b","31":"product_tag-wasp-ii-z2","32":"product_tag-wasp-ii-z3a","33":"product_shipping_class-versandkosten","35":"first","36":"instock","37":"taxable","38":"shipping-taxable","39":"purchasable","40":"product-type-variable"},"_links":{"self":[{"href":"https:\/\/tarnstoffe.com\/index.php?rest_route=\/wp\/v2\/product\/561","targetHints":{"allow":["GET"]}}],"collection":[{"href":"https:\/\/tarnstoffe.com\/index.php?rest_route=\/wp\/v2\/product"}],"about":[{"href":"https:\/\/tarnstoffe.com\/index.php?rest_route=\/wp\/v2\/types\/product"}],"replies":[{"embeddable":true,"href":"https:\/\/tarnstoffe.com\/index.php?rest_route=%2Fwp%2Fv2%2Fcomments&post=561"}],"wp:featuredmedia":[{"embeddable":true,"href":"https:\/\/tarnstoffe.com\/index.php?rest_route=\/wp\/v2\/media\/740"}],"wp:attachment":[{"href":"https:\/\/tarnstoffe.com\/index.php?rest_route=%2Fwp%2Fv2%2Fmedia&parent=561"}],"wp:term":[{"taxonomy":"product_brand","embeddable":true,"href":"https:\/\/tarnstoffe.com\/index.php?rest_route=%2Fwp%2Fv2%2Fproduct_brand&post=561"},{"taxonomy":"product_cat","embeddable":true,"href":"https:\/\/tarnstoffe.com\/index.php?rest_route=%2Fwp%2Fv2%2Fproduct_cat&post=561"},{"taxonomy":"product_tag","embeddable":true,"href":"https:\/\/tarnstoffe.com\/index.php?rest_route=%2Fwp%2Fv2%2Fproduct_tag&post=561"}],"curies":[{"name":"wp","href":"https:\/\/api.w.org\/{rel}","templated":true}]}}