{"id":518,"date":"2024-04-10T19:03:48","date_gmt":"2024-04-10T17:03:48","guid":{"rendered":"https:\/\/tarnstoffe.com\/?post_type=product&#038;p=518"},"modified":"2025-04-30T16:09:17","modified_gmt":"2025-04-30T14:09:17","slug":"taktisches-basecap-phantomleaf-wasp-i","status":"publish","type":"product","link":"https:\/\/tarnstoffe.com\/?product=taktisches-basecap-phantomleaf-wasp-i","title":{"rendered":"Mil-Tec taktisches Basecap Phantomleaf"},"content":{"rendered":"<p>&nbsp;<\/p>\n<p>Das BaseCap besteht zu 65% Polyester und 35% Baumwolle Ripstop-Gewebe und ist dadurch besonders robust, das braucht es, wenn du durch Dick und D\u00fcnn damit gehst.<\/p>\n<p>Durch den Materialmix hat das BaseCap einen angenehm weichen, nat\u00fcrlichen Griff.<\/p>\n<p>Es l\u00e4sst sich ganz einfach per Schnalle am Hinterkopf stufenlos verstellen und sorgt so f\u00fcr einen passgenauen und bequemen Sitz.<\/p>\n<p>&#8211; Klettstreifen vorne, oben und hinten zum Anbringen von Abzeichen oder Patches<br \/>\n&#8211; gr\u00f6\u00dfenverstellbar durch Schnalle<br \/>\n&#8211;\u00a0 mit kleinen Bel\u00fcftungsl\u00f6chern rund um den Kopf<br \/>\nGewicht des Caps: 100 g one size<\/p>\n","protected":false},"excerpt":{"rendered":"<p>&nbsp; Das BaseCap besteht zu 65% Polyester und 35% Baumwolle Ripstop-Gewebe und ist dadurch besonders robust, das braucht es, wenn du durch Dick und D\u00fcnn damit gehst. Durch den Materialmix hat das BaseCap einen angenehm weichen, nat\u00fcrlichen Griff. Es l\u00e4sst sich ganz einfach per Schnalle am Hinterkopf stufenlos verstellen und sorgt so f\u00fcr einen passgenauen [&hellip;]<\/p>\n","protected":false},"featured_media":1358,"comment_status":"open","ping_status":"closed","template":"","meta":{"site-container-style":"default","site-container-layout":"default","site-sidebar-layout":"default","site-transparent-header":"default","disable-article-header":"default","disable-site-header":"default","disable-site-footer":"default","disable-content-area-spacing":"default"},"product_brand":[],"product_cat":[251,250],"product_tag":[],"class_list":{"0":"post-518","1":"product","2":"type-product","3":"status-publish","4":"has-post-thumbnail","6":"product_cat-kopfbedeckungen","7":"product_cat-schlaufenschal","8":"product_shipping_class-versandkosten","10":"first","11":"instock","12":"taxable","13":"shipping-taxable","14":"purchasable","15":"product-type-variable"},"_links":{"self":[{"href":"https:\/\/tarnstoffe.com\/index.php?rest_route=\/wp\/v2\/product\/518","targetHints":{"allow":["GET"]}}],"collection":[{"href":"https:\/\/tarnstoffe.com\/index.php?rest_route=\/wp\/v2\/product"}],"about":[{"href":"https:\/\/tarnstoffe.com\/index.php?rest_route=\/wp\/v2\/types\/product"}],"replies":[{"embeddable":true,"href":"https:\/\/tarnstoffe.com\/index.php?rest_route=%2Fwp%2Fv2%2Fcomments&post=518"}],"wp:featuredmedia":[{"embeddable":true,"href":"https:\/\/tarnstoffe.com\/index.php?rest_route=\/wp\/v2\/media\/1358"}],"wp:attachment":[{"href":"https:\/\/tarnstoffe.com\/index.php?rest_route=%2Fwp%2Fv2%2Fmedia&parent=518"}],"wp:term":[{"taxonomy":"product_brand","embeddable":true,"href":"https:\/\/tarnstoffe.com\/index.php?rest_route=%2Fwp%2Fv2%2Fproduct_brand&post=518"},{"taxonomy":"product_cat","embeddable":true,"href":"https:\/\/tarnstoffe.com\/index.php?rest_route=%2Fwp%2Fv2%2Fproduct_cat&post=518"},{"taxonomy":"product_tag","embeddable":true,"href":"https:\/\/tarnstoffe.com\/index.php?rest_route=%2Fwp%2Fv2%2Fproduct_tag&post=518"}],"curies":[{"name":"wp","href":"https:\/\/api.w.org\/{rel}","templated":true}]}}