{"id":330,"date":"2024-01-03T11:47:41","date_gmt":"2024-01-03T10:47:41","guid":{"rendered":"https:\/\/tarnstoffe.com\/?post_type=product&#038;p=330"},"modified":"2025-04-30T16:12:48","modified_gmt":"2025-04-30T14:12:48","slug":"germany-patch-1paar","status":"publish","type":"product","link":"https:\/\/tarnstoffe.com\/?product=germany-patch-1paar","title":{"rendered":"Germany Patch 1Paar mit Klettr\u00fcckseite, \u00c4rmelpatch"},"content":{"rendered":"<p>Neu und gestickt:<br \/>\nZwei Patches mit dem Motiv &#8220;Germany&#8221; f\u00fcr alle Naturfreunde und Outdoor Enthusiasten.<br \/>\nDer Zustand ist einwandfrei und die Qualit\u00e4t hochwertig.<\/p>\n<p>&#8220;Germany&#8221; Patches mit den Ma\u00dfen 9cm x 2cm (BxH) in den Farben Sand &#8211; Schwarz<\/p>\n","protected":false},"excerpt":{"rendered":"<p>Neu und gestickt: Zwei Patches mit dem Motiv &#8220;Germany&#8221; f\u00fcr alle Naturfreunde und Outdoor Enthusiasten. Der Zustand ist einwandfrei und die Qualit\u00e4t hochwertig. &#8220;Germany&#8221; Patches mit den Ma\u00dfen 9cm x 2cm (BxH) in den Farben Sand &#8211; Schwarz<\/p>\n","protected":false},"featured_media":1065,"comment_status":"open","ping_status":"closed","template":"","meta":{"site-container-style":"default","site-container-layout":"default","site-sidebar-layout":"default","site-transparent-header":"default","disable-article-header":"default","disable-site-header":"default","disable-site-footer":"default","disable-content-area-spacing":"default"},"product_brand":[],"product_cat":[91,176],"product_tag":[185,181],"class_list":{"0":"post-330","1":"product","2":"type-product","3":"status-publish","4":"has-post-thumbnail","6":"product_cat-germany-patches","7":"product_cat-mil-tec","8":"product_tag-adventure-equipement","9":"product_tag-mil-tec","10":"product_shipping_class-versandkosten","12":"first","13":"instock","14":"featured","15":"taxable","16":"shipping-taxable","17":"purchasable","18":"product-type-variable","19":"has-default-attributes"},"_links":{"self":[{"href":"https:\/\/tarnstoffe.com\/index.php?rest_route=\/wp\/v2\/product\/330","targetHints":{"allow":["GET"]}}],"collection":[{"href":"https:\/\/tarnstoffe.com\/index.php?rest_route=\/wp\/v2\/product"}],"about":[{"href":"https:\/\/tarnstoffe.com\/index.php?rest_route=\/wp\/v2\/types\/product"}],"replies":[{"embeddable":true,"href":"https:\/\/tarnstoffe.com\/index.php?rest_route=%2Fwp%2Fv2%2Fcomments&post=330"}],"wp:featuredmedia":[{"embeddable":true,"href":"https:\/\/tarnstoffe.com\/index.php?rest_route=\/wp\/v2\/media\/1065"}],"wp:attachment":[{"href":"https:\/\/tarnstoffe.com\/index.php?rest_route=%2Fwp%2Fv2%2Fmedia&parent=330"}],"wp:term":[{"taxonomy":"product_brand","embeddable":true,"href":"https:\/\/tarnstoffe.com\/index.php?rest_route=%2Fwp%2Fv2%2Fproduct_brand&post=330"},{"taxonomy":"product_cat","embeddable":true,"href":"https:\/\/tarnstoffe.com\/index.php?rest_route=%2Fwp%2Fv2%2Fproduct_cat&post=330"},{"taxonomy":"product_tag","embeddable":true,"href":"https:\/\/tarnstoffe.com\/index.php?rest_route=%2Fwp%2Fv2%2Fproduct_tag&post=330"}],"curies":[{"name":"wp","href":"https:\/\/api.w.org\/{rel}","templated":true}]}}