{"id":1951,"date":"2025-05-01T11:06:10","date_gmt":"2025-05-01T09:06:10","guid":{"rendered":"https:\/\/tarnstoffe.com\/?post_type=product&#038;p=1951"},"modified":"2026-03-19T17:03:03","modified_gmt":"2026-03-19T16:03:03","slug":"netzmaterial-bug-mesh-mossy-oak-break-up","status":"publish","type":"product","link":"https:\/\/tarnstoffe.com\/?product=netzmaterial-bug-mesh-mossy-oak-break-up","title":{"rendered":"Netzmaterial Bug mesh Mossy Oak Break Up"},"content":{"rendered":"<p><img loading=\"lazy\" decoding=\"async\" class=\"size-medium wp-image-1952 alignleft\" src=\"https:\/\/tarnstoffe.com\/wp-content\/uploads\/2025\/05\/AR_7712-Verbessert-RR-250x250.jpg\" alt=\"\" width=\"250\" height=\"250\" \/><\/p>\n<p>original US Ware<\/p>\n<pre id=\"tw-target-text\" class=\"tw-data-text tw-text-large tw-ta\" dir=\"ltr\" data-placeholder=\"\u00dcbersetzung\" data-ved=\"2ahUKEwin67rF5oGNAxWzgP0HHcD4AuUQ3ewLegQIDRAU\" aria-label=\"\u00dcbersetzter Text: Ein weicher und dehnbarer Stoff f\u00fcr T-Shirts, andere Strickbekleidung und Accessoires. Unser Piqu\u00e9-Strick ist perfekt f\u00fcr einzigartige Kleidungsst\u00fccke oder wenn Sie weniger auf Massenware setzen m\u00f6chten. Dieser Stoff ist in einer riesigen Auswahl an Mustern erh\u00e4ltlich \u2013 Ihrer Kreativit\u00e4t sind keine Grenzen gesetzt!\">Bug mesh mossy oak break up\r\n\r\nDiese M\u00fccken, Stechm\u00fccken und Sandfliegen k\u00f6nnen\r\nl\u00e4stig sein. Sie k\u00f6nnen auch t\u00f6dlich sein und Krankheiten und Infektionen\r\n\u00fcbertragen. Sch\u00fctzen Sie sich und machen Sie Ihren Aufenthalt im Freien noch\r\nangenehmer, indem Sie sich mit einem selbstgemachten Insektenschutz oder\r\nGhillie-Anzug aus unserem feinmaschigen Polyester-Insektennetz ausstatten.\r\nDieser Stoff eignet sich auch f\u00fcr Gesichtsmasken, Gamaschen oder Fenstergitter\r\nf\u00fcr Ihre Jalousie. Und vergessen Sie nicht die Verwendung im Haushalt \u2013 er eignet\r\nsich hervorragend zum Abdecken von Terrassen und Pavillons f\u00fcr warme\r\nSommern\u00e4chte!<\/pre>\n<div><\/div>\n<div>\u2013 Dieser Stoff liegt ca. 150cm breit und wir versenden in der L\u00e4nge die Sie bestellen.<br \/>\n\u2013 Der Stoff wird pro Meter verkauft.<br \/>\n\u2013 Bestellen Sie mehr als einen Meter dann wird es als fortlaufendes St\u00fcck versendet, es sei denn Sie m\u00f6chten es anders aufgeteilt.<\/div>\n<p>&nbsp;<\/p>\n<p>&nbsp;<\/p>\n","protected":false},"excerpt":{"rendered":"<p>original US Ware Bug mesh mossy oak break up Diese M\u00fccken, Stechm\u00fccken und Sandfliegen k\u00f6nnen l\u00e4stig sein. Sie k\u00f6nnen auch t\u00f6dlich sein und Krankheiten und Infektionen \u00fcbertragen. Sch\u00fctzen Sie sich und machen Sie Ihren Aufenthalt im Freien noch angenehmer, indem Sie sich mit einem selbstgemachten Insektenschutz oder Ghillie-Anzug aus unserem feinmaschigen Polyester-Insektennetz ausstatten. Dieser Stoff [&hellip;]<\/p>\n","protected":false},"featured_media":1952,"comment_status":"open","ping_status":"closed","template":"","meta":{"site-container-style":"default","site-container-layout":"default","site-sidebar-layout":"default","site-transparent-header":"default","disable-article-header":"default","disable-site-header":"default","disable-site-footer":"default","disable-content-area-spacing":"default"},"product_brand":[],"product_cat":[56,246],"product_tag":[223,217,201,247,190,188,225,189,222],"class_list":{"0":"post-1951","1":"product","2":"type-product","3":"status-publish","4":"has-post-thumbnail","6":"product_cat-mossy-oak","7":"product_cat-netzmaterial","8":"product_tag-airsoft","9":"product_tag-bundeswehr","10":"product_tag-camouflage","11":"product_tag-mesh","12":"product_tag-meterware","13":"product_tag-paintball","14":"product_tag-ripstop","15":"product_tag-tarnstoff","16":"product_tag-tarnung","17":"product_shipping_class-versandkosten","19":"first","20":"instock","21":"taxable","22":"shipping-taxable","23":"purchasable","24":"product-type-simple"},"_links":{"self":[{"href":"https:\/\/tarnstoffe.com\/index.php?rest_route=\/wp\/v2\/product\/1951","targetHints":{"allow":["GET"]}}],"collection":[{"href":"https:\/\/tarnstoffe.com\/index.php?rest_route=\/wp\/v2\/product"}],"about":[{"href":"https:\/\/tarnstoffe.com\/index.php?rest_route=\/wp\/v2\/types\/product"}],"replies":[{"embeddable":true,"href":"https:\/\/tarnstoffe.com\/index.php?rest_route=%2Fwp%2Fv2%2Fcomments&post=1951"}],"wp:featuredmedia":[{"embeddable":true,"href":"https:\/\/tarnstoffe.com\/index.php?rest_route=\/wp\/v2\/media\/1952"}],"wp:attachment":[{"href":"https:\/\/tarnstoffe.com\/index.php?rest_route=%2Fwp%2Fv2%2Fmedia&parent=1951"}],"wp:term":[{"taxonomy":"product_brand","embeddable":true,"href":"https:\/\/tarnstoffe.com\/index.php?rest_route=%2Fwp%2Fv2%2Fproduct_brand&post=1951"},{"taxonomy":"product_cat","embeddable":true,"href":"https:\/\/tarnstoffe.com\/index.php?rest_route=%2Fwp%2Fv2%2Fproduct_cat&post=1951"},{"taxonomy":"product_tag","embeddable":true,"href":"https:\/\/tarnstoffe.com\/index.php?rest_route=%2Fwp%2Fv2%2Fproduct_tag&post=1951"}],"curies":[{"name":"wp","href":"https:\/\/api.w.org\/{rel}","templated":true}]}}