{"id":1854,"date":"2025-04-28T10:41:28","date_gmt":"2025-04-28T08:41:28","guid":{"rendered":"https:\/\/tarnstoffe.com\/?post_type=product&#038;p=1854"},"modified":"2026-03-19T21:16:06","modified_gmt":"2026-03-19T20:16:06","slug":"netzmaterial-bark-pattern-meshgewebe","status":"publish","type":"product","link":"https:\/\/tarnstoffe.com\/?product=netzmaterial-bark-pattern-meshgewebe","title":{"rendered":"Netzmaterial Bark Pattern"},"content":{"rendered":"<p><img loading=\"lazy\" decoding=\"async\" class=\"size-medium wp-image-1856 alignleft\" src=\"https:\/\/tarnstoffe.com\/wp-content\/uploads\/2025\/04\/AR_7736-Verbessert-RR-250x250.webp\" alt=\"\" width=\"250\" height=\"250\" \/><\/p>\n<p>original US Ware<\/p>\n<p>\u2013 Dieser Stoff liegt ca. 150cm breit und wir versenden in der L\u00e4nge die Sie bestellen.<br \/>\n\u2013 Der Stoff wird pro Meter verkauft.<br \/>\n\u2013 Bestellen Sie mehr als einen Meter dann wird es als fortlaufendes St\u00fcck versendet, es sei denn Sie m\u00f6chten es anders aufgeteilt.<\/p>\n<p>Bild zeigt wei\u00dfen und schwarzen Hintergrund.<\/p>\n<p>&nbsp;<\/p>\n","protected":false},"excerpt":{"rendered":"<p>original US Ware \u2013 Dieser Stoff liegt ca. 150cm breit und wir versenden in der L\u00e4nge die Sie bestellen. \u2013 Der Stoff wird pro Meter verkauft. \u2013 Bestellen Sie mehr als einen Meter dann wird es als fortlaufendes St\u00fcck versendet, es sei denn Sie m\u00f6chten es anders aufgeteilt. Bild zeigt wei\u00dfen und schwarzen Hintergrund. &nbsp;<\/p>\n","protected":false},"featured_media":1857,"comment_status":"open","ping_status":"closed","template":"","meta":{"site-container-style":"default","site-container-layout":"default","site-sidebar-layout":"default","site-transparent-header":"default","disable-article-header":"default","disable-site-header":"default","disable-site-footer":"default","disable-content-area-spacing":"default"},"product_brand":[],"product_cat":[259,246,57],"product_tag":[223,217,201,247,190,188,225,189,222],"class_list":{"0":"post-1854","1":"product","2":"type-product","3":"status-publish","4":"has-post-thumbnail","6":"product_cat-first-page-show","7":"product_cat-netzmaterial","8":"product_cat-prym1","9":"product_tag-airsoft","10":"product_tag-bundeswehr","11":"product_tag-camouflage","12":"product_tag-mesh","13":"product_tag-meterware","14":"product_tag-paintball","15":"product_tag-ripstop","16":"product_tag-tarnstoff","17":"product_tag-tarnung","18":"product_shipping_class-versandkosten","20":"first","21":"instock","22":"taxable","23":"shipping-taxable","24":"purchasable","25":"product-type-simple"},"_links":{"self":[{"href":"https:\/\/tarnstoffe.com\/index.php?rest_route=\/wp\/v2\/product\/1854","targetHints":{"allow":["GET"]}}],"collection":[{"href":"https:\/\/tarnstoffe.com\/index.php?rest_route=\/wp\/v2\/product"}],"about":[{"href":"https:\/\/tarnstoffe.com\/index.php?rest_route=\/wp\/v2\/types\/product"}],"replies":[{"embeddable":true,"href":"https:\/\/tarnstoffe.com\/index.php?rest_route=%2Fwp%2Fv2%2Fcomments&post=1854"}],"wp:featuredmedia":[{"embeddable":true,"href":"https:\/\/tarnstoffe.com\/index.php?rest_route=\/wp\/v2\/media\/1857"}],"wp:attachment":[{"href":"https:\/\/tarnstoffe.com\/index.php?rest_route=%2Fwp%2Fv2%2Fmedia&parent=1854"}],"wp:term":[{"taxonomy":"product_brand","embeddable":true,"href":"https:\/\/tarnstoffe.com\/index.php?rest_route=%2Fwp%2Fv2%2Fproduct_brand&post=1854"},{"taxonomy":"product_cat","embeddable":true,"href":"https:\/\/tarnstoffe.com\/index.php?rest_route=%2Fwp%2Fv2%2Fproduct_cat&post=1854"},{"taxonomy":"product_tag","embeddable":true,"href":"https:\/\/tarnstoffe.com\/index.php?rest_route=%2Fwp%2Fv2%2Fproduct_tag&post=1854"}],"curies":[{"name":"wp","href":"https:\/\/api.w.org\/{rel}","templated":true}]}}