{"id":1760,"date":"2025-03-31T17:54:16","date_gmt":"2025-03-31T15:54:16","guid":{"rendered":"https:\/\/tarnstoffe.com\/?post_type=product&#038;p=1760"},"modified":"2026-02-07T20:12:47","modified_gmt":"2026-02-07T19:12:47","slug":"wasp-ii-phantomleaf-cordura-560d-uncoated","status":"publish","type":"product","link":"https:\/\/tarnstoffe.com\/?product=wasp-ii-phantomleaf-cordura-560d-uncoated","title":{"rendered":"WASP II Phantomleaf\u00ae Cordura 560D uncoated"},"content":{"rendered":"<p><img loading=\"lazy\" decoding=\"async\" class=\"size-medium wp-image-1988 alignleft\" src=\"https:\/\/tarnstoffe.com\/wp-content\/uploads\/2025\/03\/20250402_150817-1-225x225.webp\" alt=\"\" width=\"225\" height=\"225\" srcset=\"https:\/\/tarnstoffe.com\/wp-content\/uploads\/2025\/03\/20250402_150817-1-225x225.webp 225w, https:\/\/tarnstoffe.com\/wp-content\/uploads\/2025\/03\/20250402_150817-1-300x300.webp 300w, https:\/\/tarnstoffe.com\/wp-content\/uploads\/2025\/03\/20250402_150817-1-150x150.webp 150w, https:\/\/tarnstoffe.com\/wp-content\/uploads\/2025\/03\/20250402_150817-1-768x768.webp 768w, https:\/\/tarnstoffe.com\/wp-content\/uploads\/2025\/03\/20250402_150817-1-1536x1536.webp 1536w, https:\/\/tarnstoffe.com\/wp-content\/uploads\/2025\/03\/20250402_150817-1-100x100.webp 100w, https:\/\/tarnstoffe.com\/wp-content\/uploads\/2025\/03\/20250402_150817-1-64x64.webp 64w, https:\/\/tarnstoffe.com\/wp-content\/uploads\/2025\/03\/20250402_150817-1.webp 1868w\" sizes=\"auto, (max-width: 225px) 100vw, 225px\" \/>Zusammensetzung: (100%PA66) 240g\/m\u00b2 Breite ca. 150cm<\/p>\n<p>Produkte werden exklusiv und vertraulich an befreundete NATO-Beh\u00f6rden im Bereich der Strafverfolgungbeh\u00f6rden und Streitkr\u00e4fte (<span style=\"color: #ffffff;\"><strong>L<\/strong><\/span>aw <span style=\"color: #ffffff;\"><strong>E<\/strong><\/span>nforcement and <span style=\"color: #ffffff;\"><strong>A<\/strong><\/span>rmed <span style=\"color: #ffffff;\"><strong>F<\/strong><\/span>orces [<span style=\"color: #ffffff;\">LEAF<\/span>] geliefert.<\/p>\n<p>In diesen Bereichen haben sich die Technologie und ihr systemischer Ansatz in der Praxis mehrfach bew\u00e4hrt.<br \/>\nF\u00fcr den kommerziellen Markt bietet PHANTOMLEAF\u00ae sein WASP II Tarnmuster in sieben Farbvarianten Z1a, Z1b, Z2, Z3a, Z3b, Z4 und BLK.2 an, wovon derzeit einzig Z3A, Z1B sowie Z2 lieferbar sind.<\/p>\n<p>Dieses kommerzielle Muster beinhaltet alle Vorteile der PHANTOMLEAF\u00ae Technologie und kombiniert einen exklusiven Look mit einer beeindruckenden Tarnqualit\u00e4t.<\/p>\n<p>&nbsp;<\/p>\n<p>&nbsp;<\/p>\n","protected":false},"excerpt":{"rendered":"<p>Zusammensetzung: (100%PA66) 240g\/m\u00b2 Breite ca. 150cm Produkte werden exklusiv und vertraulich an befreundete NATO-Beh\u00f6rden im Bereich der Strafverfolgungbeh\u00f6rden und Streitkr\u00e4fte (Law Enforcement and Armed Forces [LEAF] geliefert. In diesen Bereichen haben sich die Technologie und ihr systemischer Ansatz in der Praxis mehrfach bew\u00e4hrt. F\u00fcr den kommerziellen Markt bietet PHANTOMLEAF\u00ae sein WASP II Tarnmuster in sieben [&hellip;]<\/p>\n","protected":false},"featured_media":1783,"comment_status":"open","ping_status":"closed","template":"","meta":{"site-container-style":"default","site-container-layout":"default","site-sidebar-layout":"default","site-transparent-header":"default","disable-article-header":"default","disable-site-header":"default","disable-site-footer":"default","disable-content-area-spacing":"default"},"product_brand":[],"product_cat":[123,132,129,130,131],"product_tag":[72,156,201,202,198,71,205,203,204,181,84,134,36,193,194,200,199,197,133,137,135,136],"class_list":{"0":"post-1760","1":"product","2":"type-product","3":"status-publish","4":"has-post-thumbnail","6":"product_cat-phantomleaf","7":"product_cat-wasp-ii","8":"product_cat-wasp-ii-z1b","9":"product_cat-wasp-ii-z2","10":"product_cat-wasp-ii-z3a","11":"product_tag-500d","12":"product_tag-600d","13":"product_tag-camouflage","14":"product_tag-camouflage-meterware","15":"product_tag-civ-tec","16":"product_tag-cordura","17":"product_tag-jersey-tarnmuster","18":"product_tag-jersey-tarnstoff","19":"product_tag-jersey-tarnstoffe","20":"product_tag-mil-tec","21":"product_tag-mossy-oak","22":"product_tag-phantomleaf","23":"product_tag-realtree","24":"product_tag-realtree-stoff","25":"product_tag-tarnstoff-meterware","26":"product_tag-tarnstoffe","27":"product_tag-tarnstoffe-meterware","28":"product_tag-wasp","29":"product_tag-wasp-ii","30":"product_tag-wasp-ii-z1b","31":"product_tag-wasp-ii-z2","32":"product_tag-wasp-ii-z3a","33":"product_shipping_class-versandkosten","35":"first","36":"instock","37":"taxable","38":"shipping-taxable","39":"purchasable","40":"product-type-variable","41":"has-default-attributes"},"_links":{"self":[{"href":"https:\/\/tarnstoffe.com\/index.php?rest_route=\/wp\/v2\/product\/1760","targetHints":{"allow":["GET"]}}],"collection":[{"href":"https:\/\/tarnstoffe.com\/index.php?rest_route=\/wp\/v2\/product"}],"about":[{"href":"https:\/\/tarnstoffe.com\/index.php?rest_route=\/wp\/v2\/types\/product"}],"replies":[{"embeddable":true,"href":"https:\/\/tarnstoffe.com\/index.php?rest_route=%2Fwp%2Fv2%2Fcomments&post=1760"}],"wp:featuredmedia":[{"embeddable":true,"href":"https:\/\/tarnstoffe.com\/index.php?rest_route=\/wp\/v2\/media\/1783"}],"wp:attachment":[{"href":"https:\/\/tarnstoffe.com\/index.php?rest_route=%2Fwp%2Fv2%2Fmedia&parent=1760"}],"wp:term":[{"taxonomy":"product_brand","embeddable":true,"href":"https:\/\/tarnstoffe.com\/index.php?rest_route=%2Fwp%2Fv2%2Fproduct_brand&post=1760"},{"taxonomy":"product_cat","embeddable":true,"href":"https:\/\/tarnstoffe.com\/index.php?rest_route=%2Fwp%2Fv2%2Fproduct_cat&post=1760"},{"taxonomy":"product_tag","embeddable":true,"href":"https:\/\/tarnstoffe.com\/index.php?rest_route=%2Fwp%2Fv2%2Fproduct_tag&post=1760"}],"curies":[{"name":"wp","href":"https:\/\/api.w.org\/{rel}","templated":true}]}}