{"id":1608,"date":"2024-12-08T15:53:55","date_gmt":"2024-12-08T14:53:55","guid":{"rendered":"https:\/\/tarnstoffe.com\/?post_type=product&#038;p=1608"},"modified":"2025-04-01T01:14:23","modified_gmt":"2025-03-31T23:14:23","slug":"tarnstoffe-original-alaska-wachs","status":"publish","type":"product","link":"https:\/\/tarnstoffe.com\/?product=tarnstoffe-original-alaska-wachs","title":{"rendered":"Tarnstoffe original Alaska Impr\u00e4gnier Wachs, greenland"},"content":{"rendered":"<p><img loading=\"lazy\" decoding=\"async\" class=\"size-medium wp-image-1612 alignleft\" src=\"https:\/\/tarnstoffe.com\/wp-content\/uploads\/2024\/12\/20241208_161853-scaled-e1733672125353-250x192.webp\" alt=\"\" width=\"250\" height=\"192\" \/>ca.120g<\/p>\n<p style=\"text-align: left;\">Hand made by Tarnstoffe.com since 2024.<\/p>\n<p style=\"text-align: left;\">Alaska Wachs is hand made according to my secret formula, the ingredient are simple: pure parrafin and high-quality beeswax. No solvents or chemical additives.<\/p>\n<p style=\"text-align: left;\">This makes Alaska Wachs a more environmentally friendly alternative than chemical-based impregnation products.<\/p>\n<p>Tip: Ein Wachs reicht insgesamt ca. f\u00fcr das einmalige Wachsen einer G1000 Hose und f\u00fcr das zweimalige Wachsen eines Boonie Hutes und f\u00fcr zwei N\u00e4sseschutzgamaschen aus z.B. <a href=\"https:\/\/tarnstoffe.com\/produkt\/500d-cordura-nylon-unbeschichtet-realtree-edge\/\">500D- Cordura\u00ae Nylon unbeschichtet.<\/a><\/p>\n","protected":false},"excerpt":{"rendered":"<p>ca.120g Hand made by Tarnstoffe.com since 2024. Alaska Wachs is hand made according to my secret formula, the ingredient are simple: pure parrafin and high-quality beeswax. No solvents or chemical additives. This makes Alaska Wachs a more environmentally friendly alternative than chemical-based impregnation products. Tip: Ein Wachs reicht insgesamt ca. f\u00fcr das einmalige Wachsen einer [&hellip;]<\/p>\n","protected":false},"featured_media":1613,"comment_status":"open","ping_status":"closed","template":"","meta":{"site-container-style":"default","site-container-layout":"default","site-sidebar-layout":"default","site-transparent-header":"default","disable-article-header":"default","disable-site-header":"default","disable-site-footer":"default","disable-content-area-spacing":"default"},"product_brand":[],"product_cat":[65,176],"product_tag":[185,66,68,181,67,69],"class_list":{"0":"post-1608","1":"product","2":"type-product","3":"status-publish","4":"has-post-thumbnail","6":"product_cat-fjaellraeven-greenland-wachs","7":"product_cat-mil-tec","8":"product_tag-adventure-equipement","9":"product_tag-fjaellraeven","10":"product_tag-greenland","11":"product_tag-mil-tec","12":"product_tag-wachs","13":"product_tag-wax","14":"product_shipping_class-versandkosten","16":"first","17":"instock","18":"featured","19":"taxable","20":"shipping-taxable","21":"purchasable","22":"product-type-simple"},"_links":{"self":[{"href":"https:\/\/tarnstoffe.com\/index.php?rest_route=\/wp\/v2\/product\/1608","targetHints":{"allow":["GET"]}}],"collection":[{"href":"https:\/\/tarnstoffe.com\/index.php?rest_route=\/wp\/v2\/product"}],"about":[{"href":"https:\/\/tarnstoffe.com\/index.php?rest_route=\/wp\/v2\/types\/product"}],"replies":[{"embeddable":true,"href":"https:\/\/tarnstoffe.com\/index.php?rest_route=%2Fwp%2Fv2%2Fcomments&post=1608"}],"wp:featuredmedia":[{"embeddable":true,"href":"https:\/\/tarnstoffe.com\/index.php?rest_route=\/wp\/v2\/media\/1613"}],"wp:attachment":[{"href":"https:\/\/tarnstoffe.com\/index.php?rest_route=%2Fwp%2Fv2%2Fmedia&parent=1608"}],"wp:term":[{"taxonomy":"product_brand","embeddable":true,"href":"https:\/\/tarnstoffe.com\/index.php?rest_route=%2Fwp%2Fv2%2Fproduct_brand&post=1608"},{"taxonomy":"product_cat","embeddable":true,"href":"https:\/\/tarnstoffe.com\/index.php?rest_route=%2Fwp%2Fv2%2Fproduct_cat&post=1608"},{"taxonomy":"product_tag","embeddable":true,"href":"https:\/\/tarnstoffe.com\/index.php?rest_route=%2Fwp%2Fv2%2Fproduct_tag&post=1608"}],"curies":[{"name":"wp","href":"https:\/\/api.w.org\/{rel}","templated":true}]}}