{"id":1323,"date":"2024-10-04T10:08:05","date_gmt":"2024-10-04T08:08:05","guid":{"rendered":"https:\/\/tarnstoffe.com\/?post_type=product&#038;p=1323"},"modified":"2025-10-26T16:28:52","modified_gmt":"2025-10-26T15:28:52","slug":"mil-tec-softshell-handschuhe-thinsulate-wasp","status":"publish","type":"product","link":"https:\/\/tarnstoffe.com\/?product=mil-tec-softshell-handschuhe-thinsulate-wasp","title":{"rendered":"Mil-Tec Softshell Handschuhe Thinsulate div. Wasp Tarnmuster"},"content":{"rendered":"<div class=\"x-item-description-child\" data-marko-key=\"@container s0-14\" data-testid=\"x-item-description-child\">\n<p><img loading=\"lazy\" decoding=\"async\" class=\"size-medium wp-image-1330 alignleft\" src=\"https:\/\/tarnstoffe.com\/wp-content\/uploads\/2024\/10\/ThinsulateHandschuhezZ3A-300x300.jpg\" alt=\"\" width=\"300\" height=\"300\" srcset=\"https:\/\/tarnstoffe.com\/wp-content\/uploads\/2024\/10\/ThinsulateHandschuhezZ3A-300x300.jpg 300w, https:\/\/tarnstoffe.com\/wp-content\/uploads\/2024\/10\/ThinsulateHandschuhezZ3A-100x100.jpg 100w, https:\/\/tarnstoffe.com\/wp-content\/uploads\/2024\/10\/ThinsulateHandschuhezZ3A-64x64.jpg 64w, https:\/\/tarnstoffe.com\/wp-content\/uploads\/2024\/10\/ThinsulateHandschuhezZ3A-550x550.jpg 550w, https:\/\/tarnstoffe.com\/wp-content\/uploads\/2024\/10\/ThinsulateHandschuhezZ3A-150x150.jpg 150w, https:\/\/tarnstoffe.com\/wp-content\/uploads\/2024\/10\/ThinsulateHandschuhezZ3A.jpg 591w\" sizes=\"auto, (max-width: 300px) 100vw, 300px\" \/>Neben der hervorragenden Tarnung bieten dir die sehr warmen Handschuhe mit ihrem weichen Fleece-Innenfutter beste Isolation. Die Handfl\u00e4chen sind mit Noppen versehen, was auch im Winter mehr Grip garantiert. Dank der Touch-Eins\u00e4tze an Daumen, Mittel- und Zeigefinger sind die Handschuhe zum Bedienen von Ger\u00e4ten mit Touchfunktion geeignet.<\/p>\n<ul>\n<li>sehr warme Softshellhandschuhe durch Thinsulate\u2122 Einlage<\/li>\n<li>weiches Fleecefutter<\/li>\n<li>Handfl\u00e4che mit Noppen f\u00fcr mehr Griffigkeit<\/li>\n<li>Touch-Einsatz an Mittel-, Zeigefinger und Daumen<\/li>\n<li>elastische B\u00fcndchen<\/li>\n<li>inklusive kleinem Clip um die Handschuhe zusammen zu halten oder z.B. am Rucksack zu befestigen<\/li>\n<\/ul>\n<div>Obermaterial: 96% Polyester, 4% Elasthan<br \/>\nFutter: 100% Polyester (Fleece)<br \/>\nF\u00fcllung: Thinsulate\u2122 (40 g\/qm)<br \/>\nBesatz Handfl\u00e4che: 100% Polyurethan<\/div>\n<\/div>\n","protected":false},"excerpt":{"rendered":"<p>Neben der hervorragenden Tarnung bieten dir die sehr warmen Handschuhe mit ihrem weichen Fleece-Innenfutter beste Isolation. Die Handfl\u00e4chen sind mit Noppen versehen, was auch im Winter mehr Grip garantiert. Dank der Touch-Eins\u00e4tze an Daumen, Mittel- und Zeigefinger sind die Handschuhe zum Bedienen von Ger\u00e4ten mit Touchfunktion geeignet. sehr warme Softshellhandschuhe durch Thinsulate\u2122 Einlage weiches Fleecefutter [&hellip;]<\/p>\n","protected":false},"featured_media":1330,"comment_status":"open","ping_status":"closed","template":"","meta":{"site-container-style":"default","site-container-layout":"default","site-sidebar-layout":"default","site-transparent-header":"default","disable-article-header":"default","disable-site-header":"default","disable-site-footer":"default","disable-content-area-spacing":"default"},"product_brand":[],"product_cat":[256,176],"product_tag":[185,181,188,187],"class_list":{"0":"post-1323","1":"product","2":"type-product","3":"status-publish","4":"has-post-thumbnail","6":"product_cat-jacken","7":"product_cat-mil-tec","8":"product_tag-adventure-equipement","9":"product_tag-mil-tec","10":"product_tag-paintball","11":"product_tag-softair","12":"product_shipping_class-versandkosten","14":"first","15":"instock","16":"taxable","17":"shipping-taxable","18":"purchasable","19":"product-type-variable"},"_links":{"self":[{"href":"https:\/\/tarnstoffe.com\/index.php?rest_route=\/wp\/v2\/product\/1323","targetHints":{"allow":["GET"]}}],"collection":[{"href":"https:\/\/tarnstoffe.com\/index.php?rest_route=\/wp\/v2\/product"}],"about":[{"href":"https:\/\/tarnstoffe.com\/index.php?rest_route=\/wp\/v2\/types\/product"}],"replies":[{"embeddable":true,"href":"https:\/\/tarnstoffe.com\/index.php?rest_route=%2Fwp%2Fv2%2Fcomments&post=1323"}],"wp:featuredmedia":[{"embeddable":true,"href":"https:\/\/tarnstoffe.com\/index.php?rest_route=\/wp\/v2\/media\/1330"}],"wp:attachment":[{"href":"https:\/\/tarnstoffe.com\/index.php?rest_route=%2Fwp%2Fv2%2Fmedia&parent=1323"}],"wp:term":[{"taxonomy":"product_brand","embeddable":true,"href":"https:\/\/tarnstoffe.com\/index.php?rest_route=%2Fwp%2Fv2%2Fproduct_brand&post=1323"},{"taxonomy":"product_cat","embeddable":true,"href":"https:\/\/tarnstoffe.com\/index.php?rest_route=%2Fwp%2Fv2%2Fproduct_cat&post=1323"},{"taxonomy":"product_tag","embeddable":true,"href":"https:\/\/tarnstoffe.com\/index.php?rest_route=%2Fwp%2Fv2%2Fproduct_tag&post=1323"}],"curies":[{"name":"wp","href":"https:\/\/api.w.org\/{rel}","templated":true}]}}