{"id":2053,"date":"2025-10-30T21:32:37","date_gmt":"2025-10-30T20:32:37","guid":{"rendered":"https:\/\/tarnstoffe.com\/?page_id=2053"},"modified":"2025-10-30T21:35:19","modified_gmt":"2025-10-30T20:35:19","slug":"b2b","status":"publish","type":"page","link":"https:\/\/tarnstoffe.com\/?page_id=2053","title":{"rendered":"B2B"},"content":{"rendered":"\n<p>F\u00fcr Anfragen als Gesch\u00e4ftskunde nutzen Sie bitte <a href=\"mailto:agency@tarnstoffe.eu\">B2B@tarnstoffe.eu<\/a><\/p>\n\n\n\n<p>Bitte Nutzen Sie die o.a. Email sowie diese Vorlage, wenn gew\u00fcnscht.<\/p>\n\n\n\n<p><\/p>\n\n\n\n<p><strong>Betreff:<\/strong> Anfrage zu Ihrem Angebot \/ Bitte um Informationen<\/p>\n\n\n\n<p>Hallo Sylvio,<\/p>\n\n\n\n<p>wir interessieren uns f\u00fcr Ihr Produkt\/Ihre Dienstleistung im Bereich [konkretes Produkt\/Leistung benennen] und bitten Sie um die Zusendung eines Angebots f\u00fcr folgende Positionen:<\/p>\n\n\n\n<ul class=\"wp-block-list\">\n<li>Produkt\/Dienstleistung: [Bezeichnung, ggf. Artikelnummer]<\/li>\n\n\n\n<li>Ben\u00f6tigte Menge: [St\u00fcckzahl]<\/li>\n\n\n\n<li>Gew\u00fcnschte Qualit\u00e4t\/Variante: [z. B. Premium-Ausf\u00fchrung]<\/li>\n\n\n\n<li>Liefertermin: [Datum]<\/li>\n\n\n\n<li>Weitere Anforderungen: [z. B. spezifische Verpackung, Serviceleistungen]<\/li>\n<\/ul>\n\n\n\n<p>Bitte f\u00fcgen Sie Ihrer Antwort alle relevanten Verkaufsunterlagen sowie Ihre Liefer- und Zahlungsbedingungen bei. Sollten Sie Referenzen f\u00fcr \u00e4hnliche Projekte haben, freuen wir uns \u00fcber entsprechende Hinweise.<\/p>\n\n\n\n<p>F\u00fcr R\u00fcckfragen stehen wir Ihnen gerne zur Verf\u00fcgung und danken im Voraus f\u00fcr Ihre M\u00fche.<\/p>\n\n\n\n<p>Mit freundlichen Gr\u00fc\u00dfen<br>[Ihr Name]<br>[Ihre Position]<br>[Ihr Unternehmen]<br>[Kontaktinformationen]<\/p>\n\n\n\n<p><\/p>\n\n\n\n<p>For enquiries as a business customer, please use <a href=\"mailto:agency@tarnstoffe.eu\" target=\"_blank\" rel=\"noreferrer noopener\">B2B@tarnstoffe.eu<\/a>.<br>Please use the above email address and feel free to use this template, if desired.<\/p>\n\n\n\n<p>Subject: Inquiry about Your Offer \/ Request for Information<\/p>\n\n\n\n<p>Dear Sylvio<\/p>\n\n\n\n<p>We are interested in your product\/service in the field of [specify product\/service] and kindly request a quote for the following items:<\/p>\n\n\n\n<ul class=\"wp-block-list\">\n<li>Product\/Service: [name, if applicable article number]<\/li>\n\n\n\n<li>Required quantity: [quantity]<\/li>\n\n\n\n<li>Desired quality\/variant: [e.g. premium version]<\/li>\n\n\n\n<li>Delivery date: [date]<\/li>\n\n\n\n<li>Further requirements: [e.g. specific packaging, additional services]<\/li>\n<\/ul>\n\n\n\n<p>Please include all relevant sales documentation as well as your delivery and payment terms with your reply. If you have references for similar projects, we would appreciate any information.<\/p>\n\n\n\n<p>If you have any questions, please do not hesitate to contact us. Thank you in advance for your effort.<\/p>\n\n\n\n<p>Best regards,<br>[Your Name]<br>[Your Position]<br>[Your Company]<br>[Contact information]<\/p>\n\n\n\n<p><\/p>\n","protected":false},"excerpt":{"rendered":"<p>F\u00fcr Anfragen als Gesch\u00e4ftskunde nutzen Sie bitte B2B@tarnstoffe.eu Bitte Nutzen Sie die o.a. Email sowie diese Vorlage, wenn gew\u00fcnscht. Betreff: Anfrage zu Ihrem Angebot \/ Bitte um Informationen Hallo Sylvio, wir interessieren uns f\u00fcr Ihr Produkt\/Ihre Dienstleistung im Bereich [konkretes Produkt\/Leistung benennen] und bitten Sie um die Zusendung eines Angebots f\u00fcr folgende Positionen: Bitte f\u00fcgen [&hellip;]<\/p>\n","protected":false},"author":1,"featured_media":0,"parent":0,"menu_order":0,"comment_status":"closed","ping_status":"closed","template":"","meta":{"site-container-style":"default","site-container-layout":"default","site-sidebar-layout":"default","site-transparent-header":"default","disable-article-header":"default","disable-site-header":"default","disable-site-footer":"default","disable-content-area-spacing":"default","footnotes":""},"class_list":["post-2053","page","type-page","status-publish","hentry"],"_links":{"self":[{"href":"https:\/\/tarnstoffe.com\/index.php?rest_route=\/wp\/v2\/pages\/2053","targetHints":{"allow":["GET"]}}],"collection":[{"href":"https:\/\/tarnstoffe.com\/index.php?rest_route=\/wp\/v2\/pages"}],"about":[{"href":"https:\/\/tarnstoffe.com\/index.php?rest_route=\/wp\/v2\/types\/page"}],"author":[{"embeddable":true,"href":"https:\/\/tarnstoffe.com\/index.php?rest_route=\/wp\/v2\/users\/1"}],"replies":[{"embeddable":true,"href":"https:\/\/tarnstoffe.com\/index.php?rest_route=%2Fwp%2Fv2%2Fcomments&post=2053"}],"version-history":[{"count":2,"href":"https:\/\/tarnstoffe.com\/index.php?rest_route=\/wp\/v2\/pages\/2053\/revisions"}],"predecessor-version":[{"id":2056,"href":"https:\/\/tarnstoffe.com\/index.php?rest_route=\/wp\/v2\/pages\/2053\/revisions\/2056"}],"wp:attachment":[{"href":"https:\/\/tarnstoffe.com\/index.php?rest_route=%2Fwp%2Fv2%2Fmedia&parent=2053"}],"curies":[{"name":"wp","href":"https:\/\/api.w.org\/{rel}","templated":true}]}}