{"id":160,"date":"2023-12-03T13:16:24","date_gmt":"2023-12-03T12:16:24","guid":{"rendered":"https:\/\/tarnstoffe.com\/?page_id=160"},"modified":"2026-01-09T16:26:57","modified_gmt":"2026-01-09T15:26:57","slug":"shop-2","status":"publish","type":"page","link":"https:\/\/tarnstoffe.com\/","title":{"rendered":"tarnstoffe.com"},"content":{"rendered":"\n<h3 class=\"wp-block-heading\">about tarnstoffe<\/h3>\n\n\n\n<p>Ich verkaufe Meterware der besten Marken sowie hochmoderne military grade Tarnstoffe mit IR-Tarnung. Zus\u00e4tzlich dazu ebenfalls <a href=\"https:\/\/tarnstoffe.com\/adventure-equipement\/\">Adventure Equipement<\/a>. Hier finden Alle ihren <a href=\"https:\/\/tarnstoffe.com\/1393-2\/\" data-type=\"link\" data-id=\"https:\/\/tarnstoffe.com\/1393-2\/\">Tarnstoff<\/a> f\u00fcr ihr Projekt!<\/p>\n\n\n\n<div class=\"wp-block-kenta-blocks-spacer kb-spacer-93d9ea28 kb-spacer\" aria-hidden=\"true\"><\/div>\n\n\n\n<figure class=\"wp-block-kenta-blocks-image kb-image kb-image-2d3ff180\"><img decoding=\"async\" src=\"https:\/\/tarnstoffe.com\/wp-content\/uploads\/2024\/04\/kryptek-logo_weiss-1.png\" alt=\"\"\/><\/figure>\n\n\n\n<figure class=\"wp-block-kenta-blocks-image kb-image kb-image-54267f40\"><img decoding=\"async\" src=\"https:\/\/tarnstoffe.com\/wp-content\/uploads\/2023\/12\/mossy-oak-logo-1.webp\" alt=\"\"\/><\/figure>\n\n\n\n<figure class=\"wp-block-kenta-blocks-image kb-image kb-image-7024352e\"><img decoding=\"async\" src=\"https:\/\/tarnstoffe.com\/wp-content\/uploads\/2024\/04\/PHANTOMLEAF-Logo-weiss.png\" alt=\"\"\/><\/figure>\n\n\n\n<figure class=\"wp-block-kenta-blocks-image kb-image kb-image-6d4ba079\"><img decoding=\"async\" src=\"https:\/\/tarnstoffe.com\/wp-content\/uploads\/2023\/12\/realtree-logo.webp\" alt=\"\"\/><\/figure>\n\n\n\n<figure class=\"wp-block-kenta-blocks-image kb-image kb-image-5973499e\"><img decoding=\"async\" src=\"https:\/\/tarnstoffe.com\/wp-content\/uploads\/2023\/12\/truetimber-stacked-1.webp\" alt=\"\"\/><\/figure>\n\n\n\n<p><\/p>\n\n\n\n<p><\/p>\n\n\n\n<p><\/p>\n\n\n\n<figure class=\"wp-block-gallery alignwide has-nested-images columns-4 wp-block-gallery-1 is-layout-flex wp-block-gallery-is-layout-flex\" style=\"border-style:none;border-width:0px;border-radius:0px\">\n<figure class=\"wp-block-image size-full\"><img loading=\"lazy\" decoding=\"async\" width=\"400\" height=\"400\" data-id=\"1931\" src=\"https:\/\/tarnstoffe.com\/wp-content\/uploads\/2025\/04\/20-e1746032101995.png\" alt=\"\" class=\"wp-image-1931\" srcset=\"https:\/\/tarnstoffe.com\/wp-content\/uploads\/2025\/04\/20-e1746032101995.png 400w, https:\/\/tarnstoffe.com\/wp-content\/uploads\/2025\/04\/20-e1746032101995-300x300.png 300w, https:\/\/tarnstoffe.com\/wp-content\/uploads\/2025\/04\/20-e1746032101995-100x100.png 100w, https:\/\/tarnstoffe.com\/wp-content\/uploads\/2025\/04\/20-e1746032101995-64x64.png 64w\" sizes=\"auto, (max-width: 400px) 100vw, 400px\" \/><\/figure>\n\n\n\n<figure class=\"wp-block-image size-full\"><img loading=\"lazy\" decoding=\"async\" width=\"720\" height=\"720\" data-id=\"1934\" src=\"https:\/\/tarnstoffe.com\/wp-content\/uploads\/2025\/04\/Mossy-Oak-Break-Up-4.webp\" alt=\"\" class=\"wp-image-1934\" srcset=\"https:\/\/tarnstoffe.com\/wp-content\/uploads\/2025\/04\/Mossy-Oak-Break-Up-4.webp 720w, https:\/\/tarnstoffe.com\/wp-content\/uploads\/2025\/04\/Mossy-Oak-Break-Up-4-300x300.webp 300w, https:\/\/tarnstoffe.com\/wp-content\/uploads\/2025\/04\/Mossy-Oak-Break-Up-4-100x100.webp 100w, https:\/\/tarnstoffe.com\/wp-content\/uploads\/2025\/04\/Mossy-Oak-Break-Up-4-64x64.webp 64w, https:\/\/tarnstoffe.com\/wp-content\/uploads\/2025\/04\/Mossy-Oak-Break-Up-4-250x250.webp 250w, https:\/\/tarnstoffe.com\/wp-content\/uploads\/2025\/04\/Mossy-Oak-Break-Up-4-325x325.webp 325w, https:\/\/tarnstoffe.com\/wp-content\/uploads\/2025\/04\/Mossy-Oak-Break-Up-4-150x150.webp 150w\" sizes=\"auto, (max-width: 720px) 100vw, 720px\" \/><\/figure>\n\n\n\n<figure class=\"wp-block-image size-full\"><img loading=\"lazy\" decoding=\"async\" width=\"720\" height=\"720\" data-id=\"1932\" src=\"https:\/\/tarnstoffe.com\/wp-content\/uploads\/2025\/04\/Mossy-Oak-Break-Up-1.webp\" alt=\"\" class=\"wp-image-1932\" srcset=\"https:\/\/tarnstoffe.com\/wp-content\/uploads\/2025\/04\/Mossy-Oak-Break-Up-1.webp 720w, https:\/\/tarnstoffe.com\/wp-content\/uploads\/2025\/04\/Mossy-Oak-Break-Up-1-300x300.webp 300w, https:\/\/tarnstoffe.com\/wp-content\/uploads\/2025\/04\/Mossy-Oak-Break-Up-1-100x100.webp 100w, https:\/\/tarnstoffe.com\/wp-content\/uploads\/2025\/04\/Mossy-Oak-Break-Up-1-64x64.webp 64w, https:\/\/tarnstoffe.com\/wp-content\/uploads\/2025\/04\/Mossy-Oak-Break-Up-1-250x250.webp 250w, https:\/\/tarnstoffe.com\/wp-content\/uploads\/2025\/04\/Mossy-Oak-Break-Up-1-325x325.webp 325w, https:\/\/tarnstoffe.com\/wp-content\/uploads\/2025\/04\/Mossy-Oak-Break-Up-1-150x150.webp 150w\" sizes=\"auto, (max-width: 720px) 100vw, 720px\" \/><\/figure>\n\n\n\n<figure class=\"wp-block-image size-full\"><img loading=\"lazy\" decoding=\"async\" width=\"720\" height=\"720\" data-id=\"1933\" src=\"https:\/\/tarnstoffe.com\/wp-content\/uploads\/2025\/04\/Mossy-Oak-Break-Up-3.webp\" alt=\"\" class=\"wp-image-1933\" srcset=\"https:\/\/tarnstoffe.com\/wp-content\/uploads\/2025\/04\/Mossy-Oak-Break-Up-3.webp 720w, https:\/\/tarnstoffe.com\/wp-content\/uploads\/2025\/04\/Mossy-Oak-Break-Up-3-300x300.webp 300w, https:\/\/tarnstoffe.com\/wp-content\/uploads\/2025\/04\/Mossy-Oak-Break-Up-3-100x100.webp 100w, https:\/\/tarnstoffe.com\/wp-content\/uploads\/2025\/04\/Mossy-Oak-Break-Up-3-64x64.webp 64w, https:\/\/tarnstoffe.com\/wp-content\/uploads\/2025\/04\/Mossy-Oak-Break-Up-3-250x250.webp 250w, https:\/\/tarnstoffe.com\/wp-content\/uploads\/2025\/04\/Mossy-Oak-Break-Up-3-325x325.webp 325w, https:\/\/tarnstoffe.com\/wp-content\/uploads\/2025\/04\/Mossy-Oak-Break-Up-3-150x150.webp 150w\" sizes=\"auto, (max-width: 720px) 100vw, 720px\" \/><\/figure>\n<\/figure>\n\n\n\n<div class=\"wp-block-kenta-blocks-spacer kb-spacer-00259ef7 kb-spacer\" aria-hidden=\"true\"><\/div>\n\n\n\n<h4 class=\"wp-block-heading\">beliebte Artikel<\/h4>\n\n\n<div data-block-name=\"woocommerce\/product-category\" data-categories=\"[259]\" data-columns=\"5\" data-content-visibility=\"{&quot;image&quot;:true,&quot;title&quot;:true,&quot;price&quot;:true,&quot;rating&quot;:false,&quot;button&quot;:false}\" data-rows=\"2\" data-stock-status=\"[&quot;&quot;,&quot;instock&quot;,&quot;outofstock&quot;,&quot;onbackorder&quot;]\" class=\"wc-block-grid wp-block-product-category wp-block-woocommerce-product-category wc-block-product-category has-5-columns has-multiple-rows\"><ul class=\"wc-block-grid__products\"><li class=\"wc-block-grid__product\">\n\t\t\t\t<a href=\"https:\/\/tarnstoffe.com\/?product=netzmaterial-bark-pattern-meshgewebe\" class=\"wc-block-grid__product-link\">\n\t\t\t\t\t\n\t\t\t\t\t<div class=\"wc-block-grid__product-image\"><img loading=\"lazy\" decoding=\"async\" width=\"300\" height=\"300\" src=\"https:\/\/tarnstoffe.com\/wp-content\/uploads\/2025\/04\/zKCs8hjSeWz1tuGFWsDQ_Square-Hole-Mesh-Bark-Pattern-e1745829901467-300x300.webp\" class=\"attachment-woocommerce_thumbnail size-woocommerce_thumbnail\" alt=\"Netzmaterial Bark Pattern\" srcset=\"https:\/\/tarnstoffe.com\/wp-content\/uploads\/2025\/04\/zKCs8hjSeWz1tuGFWsDQ_Square-Hole-Mesh-Bark-Pattern-e1745829901467-300x300.webp 300w, https:\/\/tarnstoffe.com\/wp-content\/uploads\/2025\/04\/zKCs8hjSeWz1tuGFWsDQ_Square-Hole-Mesh-Bark-Pattern-e1745829901467-100x100.webp 100w, https:\/\/tarnstoffe.com\/wp-content\/uploads\/2025\/04\/zKCs8hjSeWz1tuGFWsDQ_Square-Hole-Mesh-Bark-Pattern-e1745829901467-64x64.webp 64w, https:\/\/tarnstoffe.com\/wp-content\/uploads\/2025\/04\/zKCs8hjSeWz1tuGFWsDQ_Square-Hole-Mesh-Bark-Pattern-e1745829901467.webp 400w\" sizes=\"auto, (max-width: 300px) 100vw, 300px\"><\/div>\n\t\t\t\t\t<div class=\"wc-block-grid__product-title\">Netzmaterial Bark Pattern<\/div>\n\t\t\t\t<\/a>\n\t\t\t\t<div class=\"wc-block-grid__product-price price\"><span class=\"woocommerce-Price-amount amount\">10,99&nbsp;<span class=\"woocommerce-Price-currencySymbol\">&euro;<\/span><\/span><\/div><p class=\"wc-gzd-additional-info wc-gzd-additional-info-loop tax-info\">inkl. MwSt.<\/p><p class=\"wc-gzd-additional-info wc-gzd-additional-info-loop shipping-costs-info\">zzgl. <a href=\"https:\/\/tarnstoffe.com\/?page_id=325\" target=\"_blank\">Versandkosten<\/a><\/p><p class=\"wc-gzd-additional-info delivery-time-info wc-gzd-additional-info-loop\"><span class=\"delivery-time-inner delivery-time-1-3-werktage\">Lieferzeit: <span class=\"delivery-time-data\">1-3 Werktage<\/span><\/span><\/p>\n\t\t\t\t\n\t\t\t\t\n\t\t\t<\/li>\n<li class=\"wc-block-grid__product\">\n\t\t\t\t<a href=\"https:\/\/tarnstoffe.com\/?product=mil-tec-molle-plattentraeger-weste-gen-ii-phantomleaf-wasp-tarnmuster\" class=\"wc-block-grid__product-link\">\n\t\t\t\t\t\n\t\t\t\t\t<div class=\"wc-block-grid__product-image\"><img loading=\"lazy\" decoding=\"async\" width=\"300\" height=\"300\" src=\"https:\/\/tarnstoffe.com\/wp-content\/uploads\/2024\/08\/Carrier-ZIB-png-300x300.webp\" class=\"attachment-woocommerce_thumbnail size-woocommerce_thumbnail\" alt=\"Mil-Tec Molle Plattentr&auml;ger Weste Gen. II, Phantomleaf, Wasp Tarnmuster\" srcset=\"https:\/\/tarnstoffe.com\/wp-content\/uploads\/2024\/08\/Carrier-ZIB-png-300x300.webp 300w, https:\/\/tarnstoffe.com\/wp-content\/uploads\/2024\/08\/Carrier-ZIB-png-100x100.webp 100w, https:\/\/tarnstoffe.com\/wp-content\/uploads\/2024\/08\/Carrier-ZIB-150x150.png 150w, https:\/\/tarnstoffe.com\/wp-content\/uploads\/2024\/08\/Carrier-ZIB-png-400x400.webp 400w\" sizes=\"auto, (max-width: 300px) 100vw, 300px\"><\/div>\n\t\t\t\t\t<div class=\"wc-block-grid__product-title\">Mil-Tec Molle Plattentr&auml;ger Weste Gen. II, Phantomleaf, Wasp Tarnmuster<\/div>\n\t\t\t\t<\/a>\n\t\t\t\t<div class=\"wc-block-grid__product-price price\"><span class=\"woocommerce-Price-amount amount\">66,99&nbsp;<span class=\"woocommerce-Price-currencySymbol\">&euro;<\/span><\/span><\/div><p class=\"wc-gzd-additional-info wc-gzd-additional-info-loop tax-info\">inkl. MwSt.<\/p><p class=\"wc-gzd-additional-info wc-gzd-additional-info-loop shipping-costs-info\">zzgl. <a href=\"https:\/\/tarnstoffe.com\/?page_id=325\" target=\"_blank\">Versandkosten<\/a><\/p><p class=\"wc-gzd-additional-info delivery-time-info wc-gzd-additional-info-loop\"><span class=\"delivery-time-inner delivery-time-1-3-werktage\">Lieferzeit: <span class=\"delivery-time-data\">1-3 Werktage<\/span><\/span><\/p>\n\t\t\t\t\n\t\t\t\t\n\t\t\t<\/li>\n<li class=\"wc-block-grid__product\">\n\t\t\t\t<a href=\"https:\/\/tarnstoffe.com\/?product=mil-tec-scu-14-softshell-jacke-phantomleaf-wasp-i-outdoorjacke-regenjacke\" class=\"wc-block-grid__product-link\">\n\t\t\t\t\t\n\t\t\t\t\t<div class=\"wc-block-grid__product-image\"><img loading=\"lazy\" decoding=\"async\" width=\"300\" height=\"300\" src=\"https:\/\/tarnstoffe.com\/wp-content\/uploads\/2024\/08\/WASP-ZIB_Softshell-300x300.png\" class=\"attachment-woocommerce_thumbnail size-woocommerce_thumbnail\" alt=\"Mil-Tec SCU 14 Softshell Jacke, Phantomleaf, WASP I, Outdoorjacke, Regenjacke\" srcset=\"https:\/\/tarnstoffe.com\/wp-content\/uploads\/2024\/08\/WASP-ZIB_Softshell-300x300.png 300w, https:\/\/tarnstoffe.com\/wp-content\/uploads\/2024\/08\/WASP-ZIB_Softshell-100x100.png 100w, https:\/\/tarnstoffe.com\/wp-content\/uploads\/2024\/08\/WASP-ZIB_Softshell-400x400.png 400w, https:\/\/tarnstoffe.com\/wp-content\/uploads\/2024\/08\/WASP-ZIB_Softshell-64x64.png 64w, https:\/\/tarnstoffe.com\/wp-content\/uploads\/2024\/08\/WASP-ZIB_Softshell-150x150.png 150w, https:\/\/tarnstoffe.com\/wp-content\/uploads\/2024\/08\/WASP-ZIB_Softshell.png 500w\" sizes=\"auto, (max-width: 300px) 100vw, 300px\"><\/div>\n\t\t\t\t\t<div class=\"wc-block-grid__product-title\">Mil-Tec SCU 14 Softshell Jacke, Phantomleaf, WASP I, Outdoorjacke, Regenjacke<\/div>\n\t\t\t\t<\/a>\n\t\t\t\t<div class=\"wc-block-grid__product-price price\"><span class=\"woocommerce-Price-amount amount\">69,99&nbsp;<span class=\"woocommerce-Price-currencySymbol\">&euro;<\/span><\/span><\/div><p class=\"wc-gzd-additional-info wc-gzd-additional-info-loop tax-info\">inkl. MwSt.<\/p><p class=\"wc-gzd-additional-info wc-gzd-additional-info-loop shipping-costs-info\">zzgl. <a href=\"https:\/\/tarnstoffe.com\/?page_id=325\" target=\"_blank\">Versandkosten<\/a><\/p><p class=\"wc-gzd-additional-info delivery-time-info wc-gzd-additional-info-loop\"><span class=\"delivery-time-inner delivery-time-1-3-werktage\">Lieferzeit: <span class=\"delivery-time-data\">1-3 Werktage<\/span><\/span><\/p>\n\t\t\t\t\n\t\t\t\t\n\t\t\t<\/li>\n<li class=\"wc-block-grid__product\">\n\t\t\t\t<a href=\"https:\/\/tarnstoffe.com\/?product=600d-poly-truetimber-strata\" class=\"wc-block-grid__product-link\">\n\t\t\t\t\t\n\t\t\t\t\t<div class=\"wc-block-grid__product-image\"><img loading=\"lazy\" decoding=\"async\" width=\"300\" height=\"300\" src=\"https:\/\/tarnstoffe.com\/wp-content\/uploads\/2024\/04\/TruetimberStrata-png-300x300.webp\" class=\"attachment-woocommerce_thumbnail size-woocommerce_thumbnail\" alt=\"600D Poly-TrueTimber&reg; Strata\" srcset=\"https:\/\/tarnstoffe.com\/wp-content\/uploads\/2024\/04\/TruetimberStrata-300x300.png 300w, https:\/\/tarnstoffe.com\/wp-content\/uploads\/2024\/04\/TruetimberStrata-png-100x100.webp 100w, https:\/\/tarnstoffe.com\/wp-content\/uploads\/2024\/04\/TruetimberStrata-png-400x400.webp 400w, https:\/\/tarnstoffe.com\/wp-content\/uploads\/2024\/04\/TruetimberStrata-png-64x64.webp 64w, https:\/\/tarnstoffe.com\/wp-content\/uploads\/2024\/04\/TruetimberStrata-150x150.png 150w, https:\/\/tarnstoffe.com\/wp-content\/uploads\/2024\/04\/TruetimberStrata-768x768.png 768w, https:\/\/tarnstoffe.com\/wp-content\/uploads\/2024\/04\/TruetimberStrata-png.webp 945w\" sizes=\"auto, (max-width: 300px) 100vw, 300px\"><\/div>\n\t\t\t\t\t<div class=\"wc-block-grid__product-title\">600D Poly-TrueTimber&reg; Strata<\/div>\n\t\t\t\t<\/a>\n\t\t\t\t<div class=\"wc-block-grid__product-price price\"><span class=\"woocommerce-Price-amount amount\">44,99&nbsp;<span class=\"woocommerce-Price-currencySymbol\">&euro;<\/span><\/span><\/div><p class=\"wc-gzd-additional-info wc-gzd-additional-info-loop tax-info\">inkl. MwSt.<\/p><p class=\"wc-gzd-additional-info wc-gzd-additional-info-loop shipping-costs-info\">zzgl. <a href=\"https:\/\/tarnstoffe.com\/?page_id=325\" target=\"_blank\">Versandkosten<\/a><\/p><p class=\"wc-gzd-additional-info delivery-time-info wc-gzd-additional-info-loop\"><span class=\"delivery-time-inner delivery-time-1-3-werktage\">Lieferzeit: <span class=\"delivery-time-data\">1-3 Werktage<\/span><\/span><\/p>\n\t\t\t\t\n\t\t\t\t\n\t\t\t<\/li>\n<li class=\"wc-block-grid__product\">\n\t\t\t\t<a href=\"https:\/\/tarnstoffe.com\/?product=steppdecke-poncho-liner-wasp-i\" class=\"wc-block-grid__product-link\">\n\t\t\t\t\t\n\t\t\t\t\t<div class=\"wc-block-grid__product-image\"><img loading=\"lazy\" decoding=\"async\" width=\"300\" height=\"300\" src=\"https:\/\/tarnstoffe.com\/wp-content\/uploads\/2024\/04\/2023_05-_-PHANTOMLEAF-_-0584-e1714125793879-300x300.webp\" class=\"attachment-woocommerce_thumbnail size-woocommerce_thumbnail\" alt=\"Mil-Tec Steppdecke Poncho Liner WASP I\" srcset=\"https:\/\/tarnstoffe.com\/wp-content\/uploads\/2024\/04\/2023_05-_-PHANTOMLEAF-_-0584-e1714125793879-300x300.webp 300w, https:\/\/tarnstoffe.com\/wp-content\/uploads\/2024\/04\/2023_05-_-PHANTOMLEAF-_-0584-e1714125793879-100x100.webp 100w, https:\/\/tarnstoffe.com\/wp-content\/uploads\/2024\/04\/2023_05-_-PHANTOMLEAF-_-0584-e1714125793879-150x150.jpg 150w, https:\/\/tarnstoffe.com\/wp-content\/uploads\/2024\/04\/2023_05-_-PHANTOMLEAF-_-0584-e1714125793879-400x400.webp 400w\" sizes=\"auto, (max-width: 300px) 100vw, 300px\"><\/div>\n\t\t\t\t\t<div class=\"wc-block-grid__product-title\">Mil-Tec Steppdecke Poncho Liner WASP I<\/div>\n\t\t\t\t<\/a>\n\t\t\t\t<div class=\"wc-block-grid__product-price price\"><span class=\"woocommerce-Price-amount amount\">32,99&nbsp;<span class=\"woocommerce-Price-currencySymbol\">&euro;<\/span><\/span><\/div><p class=\"wc-gzd-additional-info wc-gzd-additional-info-loop tax-info\">inkl. MwSt.<\/p><p class=\"wc-gzd-additional-info wc-gzd-additional-info-loop shipping-costs-info\">zzgl. <a href=\"https:\/\/tarnstoffe.com\/?page_id=325\" target=\"_blank\">Versandkosten<\/a><\/p><p class=\"wc-gzd-additional-info delivery-time-info wc-gzd-additional-info-loop\"><span class=\"delivery-time-inner delivery-time-1-3-werktage\">Lieferzeit: <span class=\"delivery-time-data\">1-3 Werktage<\/span><\/span><\/p>\n\t\t\t\t\n\t\t\t\t\n\t\t\t<\/li>\n<\/ul><\/div>\n\n\n<p><mark style=\"background-color:rgba(0, 0, 0, 0)\" class=\"has-inline-color has-kenta-primary-color\"><span style=\"text-decoration: underline;\">BITTE beachten Sie<\/span>, dass nach dem gew\u00fcnschten Zuschnitt keine R\u00fccknahme gew\u00e4hrt wird, wenn Sie den falschen Stoff f\u00fcr Ihr Projekt gew\u00e4hlt haben.                     Der Zuschnitt erfolgt nach Kundenwunsch. Sollten Sie Fragen haben helfen wir Ihnen gern weiter<\/mark>! Achtung: Das Foto kann vom tats\u00e4chlichen Stoff abweichen und ist nur eine Darstellung des Musters\/der Farbe. Farben k\u00f6nnen zwischen verschiedenen Monitoren variieren.<\/p>\n\n\n\n<p><\/p>\n","protected":false},"excerpt":{"rendered":"<p>about tarnstoffe Ich verkaufe Meterware der besten Marken sowie hochmoderne military grade Tarnstoffe mit IR-Tarnung. Zus\u00e4tzlich dazu ebenfalls Adventure Equipement. Hier finden Alle ihren Tarnstoff f\u00fcr ihr Projekt! beliebte Artikel BITTE beachten Sie, dass nach dem gew\u00fcnschten Zuschnitt keine R\u00fccknahme gew\u00e4hrt wird, wenn Sie den falschen Stoff f\u00fcr Ihr Projekt gew\u00e4hlt haben. Der Zuschnitt erfolgt [&hellip;]<\/p>\n","protected":false},"author":1,"featured_media":1781,"parent":0,"menu_order":0,"comment_status":"closed","ping_status":"closed","template":"","meta":{"site-container-style":"default","site-container-layout":"default","site-sidebar-layout":"default","site-transparent-header":"default","disable-article-header":"default","disable-site-header":"default","disable-site-footer":"default","disable-content-area-spacing":"default","footnotes":""},"class_list":["post-160","page","type-page","status-publish","has-post-thumbnail","hentry"],"_links":{"self":[{"href":"https:\/\/tarnstoffe.com\/index.php?rest_route=\/wp\/v2\/pages\/160","targetHints":{"allow":["GET"]}}],"collection":[{"href":"https:\/\/tarnstoffe.com\/index.php?rest_route=\/wp\/v2\/pages"}],"about":[{"href":"https:\/\/tarnstoffe.com\/index.php?rest_route=\/wp\/v2\/types\/page"}],"author":[{"embeddable":true,"href":"https:\/\/tarnstoffe.com\/index.php?rest_route=\/wp\/v2\/users\/1"}],"replies":[{"embeddable":true,"href":"https:\/\/tarnstoffe.com\/index.php?rest_route=%2Fwp%2Fv2%2Fcomments&post=160"}],"version-history":[{"count":101,"href":"https:\/\/tarnstoffe.com\/index.php?rest_route=\/wp\/v2\/pages\/160\/revisions"}],"predecessor-version":[{"id":2094,"href":"https:\/\/tarnstoffe.com\/index.php?rest_route=\/wp\/v2\/pages\/160\/revisions\/2094"}],"wp:featuredmedia":[{"embeddable":true,"href":"https:\/\/tarnstoffe.com\/index.php?rest_route=\/wp\/v2\/media\/1781"}],"wp:attachment":[{"href":"https:\/\/tarnstoffe.com\/index.php?rest_route=%2Fwp%2Fv2%2Fmedia&parent=160"}],"curies":[{"name":"wp","href":"https:\/\/api.w.org\/{rel}","templated":true}]}}